{"id":57538,"date":"2024-10-14T13:04:35","date_gmt":"2024-10-14T11:04:35","guid":{"rendered":"https:\/\/kurs.theo.enson.se\/produkt\/yogitea-classic\/"},"modified":"2024-10-14T13:04:41","modified_gmt":"2024-10-14T11:04:41","slug":"yogitea-classic","status":"publish","type":"product","link":"https:\/\/kurs.theo.enson.se\/sv\/produkt\/yogitea-classic\/","title":{"rendered":"Yogitea Classic"},"content":{"rendered":"<p>Yogi Tea Classic \u00e4r ett ljuvligt te som passar alla tillf\u00e4llen. Det \u00e4r v\u00e4rmande och ger 'power' utan att inneh\u00e5lla koffein. Njut Yogitea Classic med valfri mj\u00f6lk eller l\u00e4skande fruktjuice, varmt eller kallt. Enligt ayurveda \u00e4r denna blandning lugnande, st\u00e4rkande f\u00f6r nervsystemet och renande f\u00f6r blodet.<\/p>\n<p>Kravm\u00e4rkt.<\/p>\n<p>Enligt Ayurveda finns tre olika dosor (kroppstyper) som kallas Vata, Pitta och Kapha. N\u00e4r v\u00e5ra doshor \u00e4r i balans \u00e4r vi friska och kan leva ett harmoniskt liv. S\u00e5h\u00e4r tolkar du den Ayurvediska informationen p\u00e5 f\u00f6rpackningen:<\/p>\n<p>V=Vata<br \/>\nP=Pita<br \/>\nK=Kapha<\/p>\n<p>- =s\u00e4nker<br \/>\n+ =h\u00f6jer<br \/>\no =neutral<\/p>\n<p>Tep\u00e5sen inneh\u00e5ller:<br \/>\nkanel<br \/>\nkanelextrakt<br \/>\nkardemumma<br \/>\ningef\u00e4ra<br \/>\ningef\u00e4rsolja<br \/>\nkryddnejlika<br \/>\nsvartpeppar.<\/p>","protected":false},"excerpt":{"rendered":"<p>Uts\u00f6kt blandning av kardemumma,ingef\u00e4ra, kanel och kryddnejlika.<br \/>\nAyurvedisk information: V-P+K-<\/p>","protected":false},"featured_media":59825,"template":"","meta":{"pmpro_default_level":""},"product_cat":[232],"product_tag":[],"class_list":{"0":"post-57538","1":"product","2":"type-product","3":"status-publish","4":"has-post-thumbnail","6":"product_cat-yogitea","7":"pmpro-has-access","9":"first","10":"instock","11":"product-type-simple"},"_links":{"self":[{"href":"https:\/\/kurs.theo.enson.se\/sv\/wp-json\/wp\/v2\/product\/57538","targetHints":{"allow":["GET"]}}],"collection":[{"href":"https:\/\/kurs.theo.enson.se\/sv\/wp-json\/wp\/v2\/product"}],"about":[{"href":"https:\/\/kurs.theo.enson.se\/sv\/wp-json\/wp\/v2\/types\/product"}],"wp:featuredmedia":[{"embeddable":true,"href":"https:\/\/kurs.theo.enson.se\/sv\/wp-json\/wp\/v2\/media\/59825"}],"wp:attachment":[{"href":"https:\/\/kurs.theo.enson.se\/sv\/wp-json\/wp\/v2\/media?parent=57538"}],"wp:term":[{"taxonomy":"product_cat","embeddable":true,"href":"https:\/\/kurs.theo.enson.se\/sv\/wp-json\/wp\/v2\/product_cat?post=57538"},{"taxonomy":"product_tag","embeddable":true,"href":"https:\/\/kurs.theo.enson.se\/sv\/wp-json\/wp\/v2\/product_tag?post=57538"}],"curies":[{"name":"wp","href":"https:\/\/api.w.org\/{rel}","templated":true}]}}