{"id":57539,"date":"2024-10-14T13:04:35","date_gmt":"2024-10-14T11:04:35","guid":{"rendered":"https:\/\/kurs.theo.enson.se\/produkt\/yogitea-finest-selection\/"},"modified":"2024-10-14T13:04:41","modified_gmt":"2024-10-14T11:04:41","slug":"yogitea-finest-selection","status":"publish","type":"product","link":"https:\/\/kurs.theo.enson.se\/sv\/produkt\/yogitea-finest-selection\/","title":{"rendered":"Yogitea Finest Selection"},"content":{"rendered":"<p>Finest Selection har sattts samman av k\u00e4rlek till v\u00e5ra kunder utifr\u00e5n deras \u00f6nskem\u00e5l. Finest selection \u00e4r en utm\u00e4rkt introduktion till YogiTea's sortiment men likv\u00e4l ett utm\u00e4rkt s\u00e4tt att utforska fler smaker.<\/p>\n<p>Kravm\u00e4rkt.<\/p>\n<p>18 p\u00e5sar. Tv\u00e5 av f\u00f6ljande sorter:<br \/>\nClassic, Licorice, Ginger Lemon, Choco, Sweet Chai, Women\u00b4s Tea, Throat Comfort, Green Tea, Sweet Chili. Med stor m\u00f6jlighet att finna din absoluta favorit!<\/p>\n<p>Inneh\u00e5ll:<br \/>\nLakritsrot, kanel, ingef\u00e4ra, kakaoskal, f\u00e4nk\u00e5l, gr\u00f6nt te, kardemumma, anis, apelsinskal, svartpeppar, citrongr\u00e4s, kryddnejlika, gr\u00f6nmynta, pepparmynta, kamomill, citrusextrakt, maskros, citronskal, br\u00e4nn\u00e4sla, timjan, citronmyrten, enb\u00e4r, naturlig apelsinarom, l\u00e4kekungsljus, kornmalt, carob,apelsinolja, hibiskustorkad citronjuice, rostad cikoria, kanelolja, chilipeppar, gurkmeja, ingef\u00e4rsolja, vaniljextrakt, kvanneextrakt, vaniljskidor.<\/p>","protected":false},"excerpt":{"rendered":"<p>I Finest selection finner du Yogiteas nio mest popul\u00e4ra tesmaker.<\/p>","protected":false},"featured_media":59826,"template":"","meta":{"pmpro_default_level":""},"product_cat":[232],"product_tag":[],"class_list":{"0":"post-57539","1":"product","2":"type-product","3":"status-publish","4":"has-post-thumbnail","6":"product_cat-yogitea","7":"pmpro-has-access","9":"first","10":"instock","11":"product-type-simple"},"_links":{"self":[{"href":"https:\/\/kurs.theo.enson.se\/sv\/wp-json\/wp\/v2\/product\/57539","targetHints":{"allow":["GET"]}}],"collection":[{"href":"https:\/\/kurs.theo.enson.se\/sv\/wp-json\/wp\/v2\/product"}],"about":[{"href":"https:\/\/kurs.theo.enson.se\/sv\/wp-json\/wp\/v2\/types\/product"}],"wp:featuredmedia":[{"embeddable":true,"href":"https:\/\/kurs.theo.enson.se\/sv\/wp-json\/wp\/v2\/media\/59826"}],"wp:attachment":[{"href":"https:\/\/kurs.theo.enson.se\/sv\/wp-json\/wp\/v2\/media?parent=57539"}],"wp:term":[{"taxonomy":"product_cat","embeddable":true,"href":"https:\/\/kurs.theo.enson.se\/sv\/wp-json\/wp\/v2\/product_cat?post=57539"},{"taxonomy":"product_tag","embeddable":true,"href":"https:\/\/kurs.theo.enson.se\/sv\/wp-json\/wp\/v2\/product_tag?post=57539"}],"curies":[{"name":"wp","href":"https:\/\/api.w.org\/{rel}","templated":true}]}}