{"id":57540,"date":"2024-10-14T13:04:35","date_gmt":"2024-10-14T11:04:35","guid":{"rendered":"https:\/\/kurs.theo.enson.se\/produkt\/yogitea-green-jasmine\/"},"modified":"2024-10-14T13:04:42","modified_gmt":"2024-10-14T11:04:42","slug":"yogitea-green-jasmine","status":"publish","type":"product","link":"https:\/\/kurs.theo.enson.se\/sv\/produkt\/yogitea-green-jasmine\/","title":{"rendered":"Yogitea Gr\u00f6n Jasmin"},"content":{"rendered":"<p>Green Jasmine \u00e4r en ljuvlig blandning av gr\u00f6nt te, doft av jasmin och de v\u00e4rmande egenskaperna hos ingef\u00e4ra. Utm\u00e4rkta att avnjuta p\u00e5 morgonen eller varf\u00f6r inte njuta en kopp nu och d\u00e5 under resten av dagen.<\/p>\n<p>Kravm\u00e4rkt.<\/p>\n<p>Enligt Ayurveda finns tre olika dosor (kroppstyper) som kallas Vata, Pitta och Kapha. N\u00e4r v\u00e5ra doshor \u00e4r i balans \u00e4r vi friska och kan leva ett harmoniskt liv. S\u00e5h\u00e4r tolkar du den Ayurvediska informationen p\u00e5 f\u00f6rpackningen:<\/p>\n<p>V=Vata<br \/>\nP=Pita<br \/>\nK=Kapha<\/p>\n<p>- =s\u00e4nker<br \/>\n+ =h\u00f6jer<br \/>\no =neutral<\/p>\n<p>Tep\u00e5sen inneh\u00e5ller:<br \/>\n46% Jasmin gr\u00f6nt te<br \/>\n25% ingef\u00e4ra<br \/>\nlakritsrot<br \/>\ncitrongr\u00e4s<br \/>\ncitronskal<br \/>\nsvartpeppar<br \/>\ncitronverbena<br \/>\nrosenblad<\/p>","protected":false},"excerpt":{"rendered":"<p>Ayurvedisk information: V-P+K-<\/p>","protected":false},"featured_media":59827,"template":"","meta":{"pmpro_default_level":""},"product_cat":[232],"product_tag":[],"class_list":{"0":"post-57540","1":"product","2":"type-product","3":"status-publish","4":"has-post-thumbnail","6":"product_cat-yogitea","7":"pmpro-has-access","9":"first","10":"instock","11":"product-type-simple"},"_links":{"self":[{"href":"https:\/\/kurs.theo.enson.se\/sv\/wp-json\/wp\/v2\/product\/57540","targetHints":{"allow":["GET"]}}],"collection":[{"href":"https:\/\/kurs.theo.enson.se\/sv\/wp-json\/wp\/v2\/product"}],"about":[{"href":"https:\/\/kurs.theo.enson.se\/sv\/wp-json\/wp\/v2\/types\/product"}],"wp:featuredmedia":[{"embeddable":true,"href":"https:\/\/kurs.theo.enson.se\/sv\/wp-json\/wp\/v2\/media\/59827"}],"wp:attachment":[{"href":"https:\/\/kurs.theo.enson.se\/sv\/wp-json\/wp\/v2\/media?parent=57540"}],"wp:term":[{"taxonomy":"product_cat","embeddable":true,"href":"https:\/\/kurs.theo.enson.se\/sv\/wp-json\/wp\/v2\/product_cat?post=57540"},{"taxonomy":"product_tag","embeddable":true,"href":"https:\/\/kurs.theo.enson.se\/sv\/wp-json\/wp\/v2\/product_tag?post=57540"}],"curies":[{"name":"wp","href":"https:\/\/api.w.org\/{rel}","templated":true}]}}