{"id":57541,"date":"2024-10-14T13:04:45","date_gmt":"2024-10-14T11:04:45","guid":{"rendered":"https:\/\/kurs.theo.enson.se\/produkt\/yogitea-sweet-mint-med-assam\/"},"modified":"2024-10-14T13:04:45","modified_gmt":"2024-10-14T11:04:45","slug":"yogitea-sweet-mint-med-assam","status":"publish","type":"product","link":"https:\/\/kurs.theo.enson.se\/sv\/produkt\/yogitea-sweet-mint-med-assam\/","title":{"rendered":"Yogitea Sweet Mint med Assam"},"content":{"rendered":"<p>En kopp Sweet Mint med Assam kan h\u00e5lla dig n\u00f6jd till n\u00e4sta m\u00e5ltid! \u00d6rter och svart te. <\/p>\n<p>Tep\u00e5sen inneh\u00e5ller:<br \/>\npepparmynta (32%)<br \/>\ngr\u00f6nmynta (17%)<br \/>\nsvart te (Assam) (14%)<br \/>\nlakritsrot<br \/>\nkanel<br \/>\ningef\u00e4ra (7%)<br \/>\nschisandra b\u00e4r (2%)<br \/>\nsvartpeppar<br \/>\nkryddnejlika<br \/>\nkardemumma<\/p>","protected":false},"excerpt":{"rendered":"<p>Ett perfekt Yogitea att inta n\u00e4r s\u00f6tsuget dyker upp.<br \/>\nAyurvedisk information V+P-K-<\/p>","protected":false},"featured_media":59828,"template":"","meta":{"pmpro_default_level":""},"product_cat":[232],"product_tag":[],"class_list":{"0":"post-57541","1":"product","2":"type-product","3":"status-publish","4":"has-post-thumbnail","6":"product_cat-yogitea","7":"pmpro-has-access","9":"first","10":"instock","11":"product-type-simple"},"_links":{"self":[{"href":"https:\/\/kurs.theo.enson.se\/sv\/wp-json\/wp\/v2\/product\/57541","targetHints":{"allow":["GET"]}}],"collection":[{"href":"https:\/\/kurs.theo.enson.se\/sv\/wp-json\/wp\/v2\/product"}],"about":[{"href":"https:\/\/kurs.theo.enson.se\/sv\/wp-json\/wp\/v2\/types\/product"}],"wp:featuredmedia":[{"embeddable":true,"href":"https:\/\/kurs.theo.enson.se\/sv\/wp-json\/wp\/v2\/media\/59828"}],"wp:attachment":[{"href":"https:\/\/kurs.theo.enson.se\/sv\/wp-json\/wp\/v2\/media?parent=57541"}],"wp:term":[{"taxonomy":"product_cat","embeddable":true,"href":"https:\/\/kurs.theo.enson.se\/sv\/wp-json\/wp\/v2\/product_cat?post=57541"},{"taxonomy":"product_tag","embeddable":true,"href":"https:\/\/kurs.theo.enson.se\/sv\/wp-json\/wp\/v2\/product_tag?post=57541"}],"curies":[{"name":"wp","href":"https:\/\/api.w.org\/{rel}","templated":true}]}}