{"id":57542,"date":"2024-10-14T13:04:45","date_gmt":"2024-10-14T11:04:45","guid":{"rendered":"https:\/\/kurs.theo.enson.se\/produkt\/yogitea-ginseng-flower\/"},"modified":"2024-10-14T13:04:45","modified_gmt":"2024-10-14T11:04:45","slug":"yogitea-ginseng-flower","status":"publish","type":"product","link":"https:\/\/kurs.theo.enson.se\/sv\/produkt\/yogitea-ginseng-flower\/","title":{"rendered":"Yogitea Ginseng blomma"},"content":{"rendered":"<p>Detta Yoitea beskrivs av m\u00e5nga som ljuvligt, v\u00e4lsmakande och m\u00e5ngsidigt. Det har en jordig karakt\u00e4r som kr\u00f6ns med ginsengblom. Detta ska enligt tradition ge en upplevelse av att k\u00e4nna sig fylld av k\u00e4nslor s\u00e5som passion och v\u00e4rme.<\/p>\n<p>Kravm\u00e4rkt.<\/p>\n<p>Tep\u00e5sens inneh\u00e5ll:<br \/>\ncitrongr\u00e4s<br \/>\npepparmynta<br \/>\nnypon<br \/>\napelsinskal<br \/>\nlakritsrot<br \/>\nkardemumma<br \/>\nginsengrot<br \/>\nkanel<br \/>\nginsengblomma<br \/>\ningef\u00e4ra<br \/>\ncitronextrakt<br \/>\nbr\u00e4nn\u00e4ssla<br \/>\nAlfalfa<br \/>\nsvartpeppar<br \/>\n\u00e5kerfr\u00e4ken<br \/>\ns\u00e4ljareifr\u00f6n<br \/>\nkryddnejlika<br \/>\ntorkad kombuchadryck<\/p>","protected":false},"excerpt":{"rendered":"<p>Balanserad blandning av 18 delikata \u00f6rter, blommor och kryddor.<br \/>\nYogi Tao Te.<\/p>","protected":false},"featured_media":59829,"template":"","meta":{"pmpro_default_level":""},"product_cat":[232],"product_tag":[],"class_list":{"0":"post-57542","1":"product","2":"type-product","3":"status-publish","4":"has-post-thumbnail","6":"product_cat-yogitea","7":"pmpro-has-access","9":"first","10":"instock","11":"product-type-simple"},"_links":{"self":[{"href":"https:\/\/kurs.theo.enson.se\/sv\/wp-json\/wp\/v2\/product\/57542","targetHints":{"allow":["GET"]}}],"collection":[{"href":"https:\/\/kurs.theo.enson.se\/sv\/wp-json\/wp\/v2\/product"}],"about":[{"href":"https:\/\/kurs.theo.enson.se\/sv\/wp-json\/wp\/v2\/types\/product"}],"wp:featuredmedia":[{"embeddable":true,"href":"https:\/\/kurs.theo.enson.se\/sv\/wp-json\/wp\/v2\/media\/59829"}],"wp:attachment":[{"href":"https:\/\/kurs.theo.enson.se\/sv\/wp-json\/wp\/v2\/media?parent=57542"}],"wp:term":[{"taxonomy":"product_cat","embeddable":true,"href":"https:\/\/kurs.theo.enson.se\/sv\/wp-json\/wp\/v2\/product_cat?post=57542"},{"taxonomy":"product_tag","embeddable":true,"href":"https:\/\/kurs.theo.enson.se\/sv\/wp-json\/wp\/v2\/product_tag?post=57542"}],"curies":[{"name":"wp","href":"https:\/\/api.w.org\/{rel}","templated":true}]}}