{"id":57543,"date":"2024-10-14T13:04:45","date_gmt":"2024-10-14T11:04:45","guid":{"rendered":"https:\/\/kurs.theo.enson.se\/produkt\/yogitea-licorice-mint\/"},"modified":"2024-10-14T13:04:46","modified_gmt":"2024-10-14T11:04:46","slug":"yogitea-licorice-mint","status":"publish","type":"product","link":"https:\/\/kurs.theo.enson.se\/sv\/produkt\/yogitea-licorice-mint\/","title":{"rendered":"Yogitea Lakrits Mint"},"content":{"rendered":"<p>Ett sp\u00e4nnande Yogitea med stor rikedom av eteriska oljor. K\u00e4nn k\u00e4nslan av en varm egyptisk sol och den uppfriskande smaken av mynta som svalkardig. Smaker f\u00f6r ett toppenhum\u00f6r! <\/p>\n<p>Kravm\u00e4rkt.<\/p>\n<p>Tep\u00e5sen inneh\u00e5ller:<br \/>\npepparmint (43 %)<br \/>\nlakrits (34 %)<br \/>\nkanel<br \/>\nkardemumma (4 %)<br \/>\ningef\u00e4ra<br \/>\nkryddnejlika<br \/>\nsvartpeppar<br \/>\nkanelextrakt<br \/>\nkardemummaolja<br \/>\ningef\u00e4rsolja<\/p>\n<p>Obs! Inneh\u00e5ller h\u00f6gre halt lakrits - \u00f6verdriven konsumtion b\u00f6r undvikas vid h\u00f6gt blodtryck. <\/p>\n<p>Enligt Ayurveda finns tre olika dosor (kroppstyper) som kallas Vata, Pitta och Kapha. N\u00e4r v\u00e5ra doshor \u00e4r i balans \u00e4r vi friska och kan leva ett harmoniskt liv. S\u00e5h\u00e4r tolkar du den Ayurvediska informationen p\u00e5 f\u00f6rpackningen:<\/p>\n<p>V=Vata<br \/>\nP=Pita<br \/>\nK=Kapha<\/p>\n<p>- =s\u00e4nker<br \/>\n+ =h\u00f6jer<br \/>\no =neutral<\/p>","protected":false},"excerpt":{"rendered":"<p>Uppfriskande och kryddigt s\u00f6t.<br \/>\nAyurvedisk information: V-P-Ko<\/p>","protected":false},"featured_media":59830,"template":"","meta":{"pmpro_default_level":""},"product_cat":[232],"product_tag":[],"class_list":{"0":"post-57543","1":"product","2":"type-product","3":"status-publish","4":"has-post-thumbnail","6":"product_cat-yogitea","7":"pmpro-has-access","9":"first","10":"instock","11":"product-type-simple"},"_links":{"self":[{"href":"https:\/\/kurs.theo.enson.se\/sv\/wp-json\/wp\/v2\/product\/57543","targetHints":{"allow":["GET"]}}],"collection":[{"href":"https:\/\/kurs.theo.enson.se\/sv\/wp-json\/wp\/v2\/product"}],"about":[{"href":"https:\/\/kurs.theo.enson.se\/sv\/wp-json\/wp\/v2\/types\/product"}],"wp:featuredmedia":[{"embeddable":true,"href":"https:\/\/kurs.theo.enson.se\/sv\/wp-json\/wp\/v2\/media\/59830"}],"wp:attachment":[{"href":"https:\/\/kurs.theo.enson.se\/sv\/wp-json\/wp\/v2\/media?parent=57543"}],"wp:term":[{"taxonomy":"product_cat","embeddable":true,"href":"https:\/\/kurs.theo.enson.se\/sv\/wp-json\/wp\/v2\/product_cat?post=57543"},{"taxonomy":"product_tag","embeddable":true,"href":"https:\/\/kurs.theo.enson.se\/sv\/wp-json\/wp\/v2\/product_tag?post=57543"}],"curies":[{"name":"wp","href":"https:\/\/api.w.org\/{rel}","templated":true}]}}