{"id":57544,"date":"2024-10-14T13:04:45","date_gmt":"2024-10-14T11:04:45","guid":{"rendered":"https:\/\/kurs.theo.enson.se\/produkt\/yogitea-ginger-hibiscus\/"},"modified":"2024-10-14T13:04:47","modified_gmt":"2024-10-14T11:04:47","slug":"yogitea-ginger-hibiscus","status":"publish","type":"product","link":"https:\/\/kurs.theo.enson.se\/sv\/produkt\/yogitea-ginger-hibiscus\/","title":{"rendered":"Yogitea Ingef\u00e4ra Hibiskus"},"content":{"rendered":"<p>Detta te ger dig en h\u00e4rligt intensiv upplevelse! Denna fruktiga kryddmix kommer med k\u00e4rlek fr\u00e5n Moder Jord. Smutta p\u00e5 detta te och k\u00e4nn gl\u00e4djen i hur detta te v\u00e4cker din livskraft. Detta te \u00e4r som en uppv\u00e4rmnings\u00f6vning. Det \u00e4r gl\u00e4djefyllt och hj\u00e4lper oss att expandera. Gott att dricka kallt. <\/p>\n<p>Kravm\u00e4rkt.<\/p>\n<p>Tep\u00e5sen inneh\u00e5ller:<br \/>\nHibiskus<br \/>\nlakritsrot<br \/>\ningef\u00e4ra<br \/>\npepparmynta<br \/>\ngr\u00f6nmynta<br \/>\ngurkmejarot<br \/>\nr\u00f6dbeta<br \/>\ningef\u00e4rsolja<br \/>\nkanel<br \/>\nkardemumma<br \/>\nkryddnejlika<br \/>\nsvartpeppar<\/p>","protected":false},"excerpt":{"rendered":"<p>H\u00e4rlig blandning av r\u00f6da hibiskusblommor och ingef\u00e4ra.<\/p>","protected":false},"featured_media":59831,"template":"","meta":{"pmpro_default_level":""},"product_cat":[232],"product_tag":[],"class_list":{"0":"post-57544","1":"product","2":"type-product","3":"status-publish","4":"has-post-thumbnail","6":"product_cat-yogitea","7":"pmpro-has-access","9":"first","10":"instock","11":"product-type-simple"},"_links":{"self":[{"href":"https:\/\/kurs.theo.enson.se\/sv\/wp-json\/wp\/v2\/product\/57544","targetHints":{"allow":["GET"]}}],"collection":[{"href":"https:\/\/kurs.theo.enson.se\/sv\/wp-json\/wp\/v2\/product"}],"about":[{"href":"https:\/\/kurs.theo.enson.se\/sv\/wp-json\/wp\/v2\/types\/product"}],"wp:featuredmedia":[{"embeddable":true,"href":"https:\/\/kurs.theo.enson.se\/sv\/wp-json\/wp\/v2\/media\/59831"}],"wp:attachment":[{"href":"https:\/\/kurs.theo.enson.se\/sv\/wp-json\/wp\/v2\/media?parent=57544"}],"wp:term":[{"taxonomy":"product_cat","embeddable":true,"href":"https:\/\/kurs.theo.enson.se\/sv\/wp-json\/wp\/v2\/product_cat?post=57544"},{"taxonomy":"product_tag","embeddable":true,"href":"https:\/\/kurs.theo.enson.se\/sv\/wp-json\/wp\/v2\/product_tag?post=57544"}],"curies":[{"name":"wp","href":"https:\/\/api.w.org\/{rel}","templated":true}]}}