{"id":57545,"date":"2024-10-14T13:04:45","date_gmt":"2024-10-14T11:04:45","guid":{"rendered":"https:\/\/kurs.theo.enson.se\/produkt\/yogitea-womens-tea\/"},"modified":"2024-10-14T13:04:47","modified_gmt":"2024-10-14T11:04:47","slug":"yogitea-womens-tea","status":"publish","type":"product","link":"https:\/\/kurs.theo.enson.se\/sv\/produkt\/yogitea-womens-tea\/","title":{"rendered":"Yogitea Te f\u00f6r kvinnor"},"content":{"rendered":"<p>Detta te har en lugnande smak. Yogitea Women kan intas vid klimakteriet f\u00f6r att underl\u00e4tta eventuella besv\u00e4r.<br \/>\nRekommenderas INTE vid graviditet.<\/p>\n<p>Kravm\u00e4rkt. <\/p>\n<p>Enligt Ayurveda finns tre olika dosor (kroppstyper) som kallas Vata, Pitta och Kapha. N\u00e4r v\u00e5ra doshor \u00e4r i balans \u00e4r vi friska och kan leva ett harmoniskt liv. S\u00e5h\u00e4r tolkar du den Ayurvediska informationen p\u00e5 f\u00f6rpackningen:<\/p>\n<p>V=Vata<br \/>\nP=Pita<br \/>\nK=Kapha<\/p>\n<p>- =s\u00e4nker<br \/>\n+ =h\u00f6jer<br \/>\no =neutral<\/p>\n<p>Inneh\u00e5ller 17 tep\u00e5sar.<\/p>\n<p>Tep\u00e5sen inneh\u00e5ller:<br \/>\ningef\u00e4ra<br \/>\nkanel<br \/>\napelsinskal<br \/>\nf\u00e4nk\u00e5l, kamomill<br \/>\nkornmalt<br \/>\nMaskros<br \/>\nsvartpeppar<br \/>\nenb\u00e4r<br \/>\napelsin\u00ebxtrakt<br \/>\nlakritsrot<br \/>\nkardemumma<br \/>\nkryddnejlika<br \/>\nkvanneextrakt<\/p>","protected":false},"excerpt":{"rendered":"<p>Kryddblandningen har med omsorg valts ut f\u00f6r balans och f\u00f6r att manifestera din kreativitet.<br \/>\nAyurvedisk information: VoK-P+<\/p>","protected":false},"featured_media":59832,"template":"","meta":{"pmpro_default_level":""},"product_cat":[232],"product_tag":[],"class_list":{"0":"post-57545","1":"product","2":"type-product","3":"status-publish","4":"has-post-thumbnail","6":"product_cat-yogitea","7":"pmpro-has-access","9":"first","10":"instock","11":"product-type-simple"},"_links":{"self":[{"href":"https:\/\/kurs.theo.enson.se\/sv\/wp-json\/wp\/v2\/product\/57545","targetHints":{"allow":["GET"]}}],"collection":[{"href":"https:\/\/kurs.theo.enson.se\/sv\/wp-json\/wp\/v2\/product"}],"about":[{"href":"https:\/\/kurs.theo.enson.se\/sv\/wp-json\/wp\/v2\/types\/product"}],"wp:featuredmedia":[{"embeddable":true,"href":"https:\/\/kurs.theo.enson.se\/sv\/wp-json\/wp\/v2\/media\/59832"}],"wp:attachment":[{"href":"https:\/\/kurs.theo.enson.se\/sv\/wp-json\/wp\/v2\/media?parent=57545"}],"wp:term":[{"taxonomy":"product_cat","embeddable":true,"href":"https:\/\/kurs.theo.enson.se\/sv\/wp-json\/wp\/v2\/product_cat?post=57545"},{"taxonomy":"product_tag","embeddable":true,"href":"https:\/\/kurs.theo.enson.se\/sv\/wp-json\/wp\/v2\/product_tag?post=57545"}],"curies":[{"name":"wp","href":"https:\/\/api.w.org\/{rel}","templated":true}]}}