{"id":57546,"date":"2024-10-14T13:04:45","date_gmt":"2024-10-14T11:04:45","guid":{"rendered":"https:\/\/kurs.theo.enson.se\/produkt\/yogitea-rose\/"},"modified":"2024-10-14T13:04:49","modified_gmt":"2024-10-14T11:04:49","slug":"yogitea-rose","status":"publish","type":"product","link":"https:\/\/kurs.theo.enson.se\/sv\/produkt\/yogitea-rose\/","title":{"rendered":"Yogitea ros"},"content":{"rendered":"<p>En l\u00e4tt och eterisk blandning av rosens systrar: hibiskus, lindblomma, kamomill, fl\u00e4der, solros, lavendel och r\u00f6lleka.<\/p>\n<p>Kravm\u00e4rkt.<\/p>\n<p>17 tep\u00e5sar.<\/p>\n<p>Inneh\u00e5ller:<br \/>\nhibiskus, kamomillblomma, fl\u00e4derblomma, lindblomma, rosenblad (5%), kanel, lavendelblomma, r\u00f6lleka, ingef\u00e4ra, svartpeppar, f\u00e4nk\u00e5l, gurkmeja, naturlig arom, solrosblad, l\u00e4kekungsljus, alfalfta, svartk\u00e4mpar, kardemumma, kryddnejlika, torkad kambuchadryck.<\/p>","protected":false},"excerpt":{"rendered":"<p>F\u00f6r cirkulation av energi, stabilitet och inre harmoni.<\/p>","protected":false},"featured_media":59833,"template":"","meta":{"pmpro_default_level":""},"product_cat":[232],"product_tag":[],"class_list":{"0":"post-57546","1":"product","2":"type-product","3":"status-publish","4":"has-post-thumbnail","6":"product_cat-yogitea","7":"pmpro-has-access","9":"first","10":"instock","11":"product-type-simple"},"_links":{"self":[{"href":"https:\/\/kurs.theo.enson.se\/sv\/wp-json\/wp\/v2\/product\/57546","targetHints":{"allow":["GET"]}}],"collection":[{"href":"https:\/\/kurs.theo.enson.se\/sv\/wp-json\/wp\/v2\/product"}],"about":[{"href":"https:\/\/kurs.theo.enson.se\/sv\/wp-json\/wp\/v2\/types\/product"}],"wp:featuredmedia":[{"embeddable":true,"href":"https:\/\/kurs.theo.enson.se\/sv\/wp-json\/wp\/v2\/media\/59833"}],"wp:attachment":[{"href":"https:\/\/kurs.theo.enson.se\/sv\/wp-json\/wp\/v2\/media?parent=57546"}],"wp:term":[{"taxonomy":"product_cat","embeddable":true,"href":"https:\/\/kurs.theo.enson.se\/sv\/wp-json\/wp\/v2\/product_cat?post=57546"},{"taxonomy":"product_tag","embeddable":true,"href":"https:\/\/kurs.theo.enson.se\/sv\/wp-json\/wp\/v2\/product_tag?post=57546"}],"curies":[{"name":"wp","href":"https:\/\/api.w.org\/{rel}","templated":true}]}}