{"id":57547,"date":"2024-10-14T13:04:45","date_gmt":"2024-10-14T11:04:45","guid":{"rendered":"https:\/\/kurs.theo.enson.se\/produkt\/yogitea-heartwarming\/"},"modified":"2024-10-14T13:04:50","modified_gmt":"2024-10-14T11:04:50","slug":"yogitea-heartwarming","status":"publish","type":"product","link":"https:\/\/kurs.theo.enson.se\/sv\/produkt\/yogitea-heartwarming\/","title":{"rendered":"Yogitea Hj\u00e4rtv\u00e4rmande"},"content":{"rendered":"<p>H\u00e4rlig basilika och lite chili tillsammans med andra fr\u00e4scha ger stor njutning. Bjud dig sj\u00e4lv p\u00e5 en kopp Heartwarming och l\u00e5t dina sinnena gl\u00e4djas.<\/p>\n<p>Kravm\u00e4rkt.<\/p>\n<p>Inneh\u00e5ller:<br \/>\nbasilika, lakritsrot, torkad citronjuice, apelsinskal, kanel, ingef\u00e4ra, chilipeppar, kardemumma, kryddnejlika, svartpeppar.<\/p>","protected":false},"excerpt":{"rendered":"<p>L\u00e5t denna rena sattviska komposition lyfta dina sinnen.<br \/>\nV- Po K-<\/p>","protected":false},"featured_media":59834,"template":"","meta":{"pmpro_default_level":""},"product_cat":[232],"product_tag":[],"class_list":{"0":"post-57547","1":"product","2":"type-product","3":"status-publish","4":"has-post-thumbnail","6":"product_cat-yogitea","7":"pmpro-has-access","9":"first","10":"instock","11":"product-type-simple"},"_links":{"self":[{"href":"https:\/\/kurs.theo.enson.se\/sv\/wp-json\/wp\/v2\/product\/57547","targetHints":{"allow":["GET"]}}],"collection":[{"href":"https:\/\/kurs.theo.enson.se\/sv\/wp-json\/wp\/v2\/product"}],"about":[{"href":"https:\/\/kurs.theo.enson.se\/sv\/wp-json\/wp\/v2\/types\/product"}],"wp:featuredmedia":[{"embeddable":true,"href":"https:\/\/kurs.theo.enson.se\/sv\/wp-json\/wp\/v2\/media\/59834"}],"wp:attachment":[{"href":"https:\/\/kurs.theo.enson.se\/sv\/wp-json\/wp\/v2\/media?parent=57547"}],"wp:term":[{"taxonomy":"product_cat","embeddable":true,"href":"https:\/\/kurs.theo.enson.se\/sv\/wp-json\/wp\/v2\/product_cat?post=57547"},{"taxonomy":"product_tag","embeddable":true,"href":"https:\/\/kurs.theo.enson.se\/sv\/wp-json\/wp\/v2\/product_tag?post=57547"}],"curies":[{"name":"wp","href":"https:\/\/api.w.org\/{rel}","templated":true}]}}