{"id":57548,"date":"2024-10-14T13:04:45","date_gmt":"2024-10-14T11:04:45","guid":{"rendered":"https:\/\/kurs.theo.enson.se\/produkt\/yogitea-echinacea\/"},"modified":"2024-10-14T13:04:51","modified_gmt":"2024-10-14T11:04:51","slug":"yogitea-echinacea","status":"publish","type":"product","link":"https:\/\/kurs.theo.enson.se\/sv\/produkt\/yogitea-echinacea\/","title":{"rendered":"Yogitea Echinacea"},"content":{"rendered":"<p>Var dag uts\u00e4tts v\u00e5rt immunsystem f\u00f6r olika former av stress, bakterier och f\u00f6roreningar i v\u00e5r milj\u00f6. Ditt starka immunsystem \u00e4r ditt viktigaste f\u00f6rsvar.  Denna Ayurvediska blandning \u00e4r effektiv och en uts\u00f6kt bitterhet fr\u00e5n echinacea blandas med en s\u00f6t smak fr\u00e5n f\u00e4nk\u00e5l och smakrik kardemumma.<\/p>\n<p>Kravm\u00e4rkt.<\/p>\n<p>Enligt Ayurveda finns tre olika dosor (kroppstyper) som kallas Vata, Pitta och Kapha. N\u00e4r v\u00e5ra doshor \u00e4r i balans \u00e4r vi friska och kan leva ett harmoniskt liv. S\u00e5h\u00e4r tolkar du den Ayurvediska informationen p\u00e5 f\u00f6rpackningen:<\/p>\n<p>V=Vata<br \/>\nP=Pita<br \/>\nK=Kapha<\/p>\n<p>- =s\u00e4nker<br \/>\n+ =h\u00f6jer<br \/>\no =neutral<\/p>\n<p>Inneh\u00e5ller:<br \/>\nkanel, echinacea (14%), ingef\u00e4ra, f\u00e4nk\u00e5l, rooisbos (10%), rostad cikoria, carob, kardemumma (4%), basilika, kardborrerot, gurkmeja, svartpeppar, kinesisk vedel, vaniljskidor.<\/p>","protected":false},"excerpt":{"rendered":"<p>F\u00f6r ditt immunf\u00f6rsvar.<br \/>\nVoP+K-<\/p>","protected":false},"featured_media":59835,"template":"","meta":{"pmpro_default_level":""},"product_cat":[232],"product_tag":[],"class_list":{"0":"post-57548","1":"product","2":"type-product","3":"status-publish","4":"has-post-thumbnail","6":"product_cat-yogitea","7":"pmpro-has-access","9":"first","10":"instock","11":"product-type-simple"},"_links":{"self":[{"href":"https:\/\/kurs.theo.enson.se\/sv\/wp-json\/wp\/v2\/product\/57548","targetHints":{"allow":["GET"]}}],"collection":[{"href":"https:\/\/kurs.theo.enson.se\/sv\/wp-json\/wp\/v2\/product"}],"about":[{"href":"https:\/\/kurs.theo.enson.se\/sv\/wp-json\/wp\/v2\/types\/product"}],"wp:featuredmedia":[{"embeddable":true,"href":"https:\/\/kurs.theo.enson.se\/sv\/wp-json\/wp\/v2\/media\/59835"}],"wp:attachment":[{"href":"https:\/\/kurs.theo.enson.se\/sv\/wp-json\/wp\/v2\/media?parent=57548"}],"wp:term":[{"taxonomy":"product_cat","embeddable":true,"href":"https:\/\/kurs.theo.enson.se\/sv\/wp-json\/wp\/v2\/product_cat?post=57548"},{"taxonomy":"product_tag","embeddable":true,"href":"https:\/\/kurs.theo.enson.se\/sv\/wp-json\/wp\/v2\/product_tag?post=57548"}],"curies":[{"name":"wp","href":"https:\/\/api.w.org\/{rel}","templated":true}]}}