{"id":57549,"date":"2024-10-14T13:04:45","date_gmt":"2024-10-14T11:04:45","guid":{"rendered":"https:\/\/kurs.theo.enson.se\/produkt\/yogitea-green-chai\/"},"modified":"2024-10-14T13:04:52","modified_gmt":"2024-10-14T11:04:52","slug":"yogitea-green-chai","status":"publish","type":"product","link":"https:\/\/kurs.theo.enson.se\/sv\/produkt\/yogitea-green-chai\/","title":{"rendered":"Yogitea Gr\u00f6n Chai"},"content":{"rendered":"<p>Gr\u00f6nt te har h\u00e4r komponerats ihop med fr\u00e4sch gr\u00f6nmynta och kryddig ingef\u00e4ra. Till det en smak av s\u00f6t kardemumma vilket g\u00f6r detta te till underbar njutning. H\u00e4r f\u00e5r du \u00e4ven alla fina h\u00e4lsosamma f\u00f6rdelar med det gr\u00f6na te\u00e9t. Varf\u00f6r inte serveraa med en skv\u00e4tt valfri mj\u00f6lk och n\u00e4r te\u00e9t avsvalnat kan du \u00e4ven tills\u00e4tta lite honung.<\/p>\n<p>Kravm\u00e4rkt. <\/p>\n<p>Enligt Ayurveda finns tre olika dosor (kroppstyper) som kallas Vata, Pitta och Kapha. N\u00e4r v\u00e5ra doshor \u00e4r i balans \u00e4r vi friska och kan leva ett harmoniskt liv. S\u00e5h\u00e4r tolkar du den Ayurvediska informationen p\u00e5 f\u00f6rpackningen:<\/p>\n<p>V=Vata<br \/>\nP=Pita<br \/>\nK=Kapha<\/p>\n<p>- =s\u00e4nker<br \/>\n+ =h\u00f6jer<br \/>\no =neutral<\/p>\n<p>Inneh\u00e5ller:<br \/>\nkanel, gr\u00f6nt te (20%), gr\u00f6nmynta, kardemumma, ingef\u00e4ra, kryddnejlika, svartpeppar, kanelextrakt, ingef\u00e4rsolja.<\/p>","protected":false},"excerpt":{"rendered":"<p>Ett l\u00e4tt alternativ till Chai med svart te!<br \/>\nV-PoKo<\/p>","protected":false},"featured_media":59836,"template":"","meta":{"pmpro_default_level":""},"product_cat":[232],"product_tag":[],"class_list":{"0":"post-57549","1":"product","2":"type-product","3":"status-publish","4":"has-post-thumbnail","6":"product_cat-yogitea","7":"pmpro-has-access","9":"first","10":"instock","11":"product-type-simple"},"_links":{"self":[{"href":"https:\/\/kurs.theo.enson.se\/sv\/wp-json\/wp\/v2\/product\/57549","targetHints":{"allow":["GET"]}}],"collection":[{"href":"https:\/\/kurs.theo.enson.se\/sv\/wp-json\/wp\/v2\/product"}],"about":[{"href":"https:\/\/kurs.theo.enson.se\/sv\/wp-json\/wp\/v2\/types\/product"}],"wp:featuredmedia":[{"embeddable":true,"href":"https:\/\/kurs.theo.enson.se\/sv\/wp-json\/wp\/v2\/media\/59836"}],"wp:attachment":[{"href":"https:\/\/kurs.theo.enson.se\/sv\/wp-json\/wp\/v2\/media?parent=57549"}],"wp:term":[{"taxonomy":"product_cat","embeddable":true,"href":"https:\/\/kurs.theo.enson.se\/sv\/wp-json\/wp\/v2\/product_cat?post=57549"},{"taxonomy":"product_tag","embeddable":true,"href":"https:\/\/kurs.theo.enson.se\/sv\/wp-json\/wp\/v2\/product_tag?post=57549"}],"curies":[{"name":"wp","href":"https:\/\/api.w.org\/{rel}","templated":true}]}}