{"id":57550,"date":"2024-10-14T13:04:45","date_gmt":"2024-10-14T11:04:45","guid":{"rendered":"https:\/\/kurs.theo.enson.se\/produkt\/yogitea-black-chai\/"},"modified":"2024-10-14T13:04:53","modified_gmt":"2024-10-14T11:04:53","slug":"yogitea-black-chai","status":"publish","type":"product","link":"https:\/\/kurs.theo.enson.se\/sv\/produkt\/yogitea-black-chai\/","title":{"rendered":"Yogitea Svart Chai"},"content":{"rendered":"<p>Black Chai har varit Norra Indiens favorit i \u00e5rhundradenraden. L\u00e5t varje kopp Black Chai v\u00e4cka inspirationen inom dig.<br \/>\nBlack Chai \u00e4r den ultimata \u00b4pick me up\u00b4 och energih\u00f6jaren f\u00f6r de br\u00e5da dagarna.<\/p>\n<p>Kravm\u00e4rkt.<\/p>\n<p>Enligt Ayurveda finns tre olika dosor (kroppstyper) som kallas Vata, Pitta och Kapha. N\u00e4r v\u00e5ra doshor \u00e4r i balans \u00e4r vi friska och kan leva ett harmoniskt liv. S\u00e5h\u00e4r tolkar du den Ayurvediska informationen p\u00e5 f\u00f6rpackningen:<\/p>\n<p>V=Vata<br \/>\nP=Pita<br \/>\nK=Kapha<\/p>\n<p>- =s\u00e4nker<br \/>\n+ =h\u00f6jer<br \/>\no =neutral<\/p>\n<p>Inneh\u00e5ll:<br \/>\nsvart te (32%), kanel, anis, rooibos, cikoria, ingef\u00e4ra, svart peppar, nejlika, kanelextrakt, ingef\u00e4rsextrakt.<\/p>","protected":false},"excerpt":{"rendered":"<p>En ursprunglig blandning kryddigt Chai fr\u00e5n Indien.<br \/>\nVoP+K-<\/p>","protected":false},"featured_media":59837,"template":"","meta":{"pmpro_default_level":""},"product_cat":[232],"product_tag":[],"class_list":{"0":"post-57550","1":"product","2":"type-product","3":"status-publish","4":"has-post-thumbnail","6":"product_cat-yogitea","7":"pmpro-has-access","9":"first","10":"instock","11":"product-type-simple"},"_links":{"self":[{"href":"https:\/\/kurs.theo.enson.se\/sv\/wp-json\/wp\/v2\/product\/57550","targetHints":{"allow":["GET"]}}],"collection":[{"href":"https:\/\/kurs.theo.enson.se\/sv\/wp-json\/wp\/v2\/product"}],"about":[{"href":"https:\/\/kurs.theo.enson.se\/sv\/wp-json\/wp\/v2\/types\/product"}],"wp:featuredmedia":[{"embeddable":true,"href":"https:\/\/kurs.theo.enson.se\/sv\/wp-json\/wp\/v2\/media\/59837"}],"wp:attachment":[{"href":"https:\/\/kurs.theo.enson.se\/sv\/wp-json\/wp\/v2\/media?parent=57550"}],"wp:term":[{"taxonomy":"product_cat","embeddable":true,"href":"https:\/\/kurs.theo.enson.se\/sv\/wp-json\/wp\/v2\/product_cat?post=57550"},{"taxonomy":"product_tag","embeddable":true,"href":"https:\/\/kurs.theo.enson.se\/sv\/wp-json\/wp\/v2\/product_tag?post=57550"}],"curies":[{"name":"wp","href":"https:\/\/api.w.org\/{rel}","templated":true}]}}