{"id":57551,"date":"2024-10-14T13:05:00","date_gmt":"2024-10-14T11:05:00","guid":{"rendered":"https:\/\/kurs.theo.enson.se\/produkt\/yogitea-bright-mood\/"},"modified":"2024-10-14T13:05:00","modified_gmt":"2024-10-14T11:05:00","slug":"yogitea-bright-mood","status":"publish","type":"product","link":"https:\/\/kurs.theo.enson.se\/sv\/produkt\/yogitea-bright-mood\/","title":{"rendered":"Yogitea Ljusa st\u00e4mningar"},"content":{"rendered":"<p>H\u00e4rlig blandning av \u00f6rter och kryddor som enligt ayurveisk tradition s\u00e4gs h\u00f6ja din energi och balansera berg- och dalbanorna i livet. Bright mood inneh\u00e5ller basilika och humle vilka brukar anv\u00e4ndas f\u00f6r att balansera sv\u00e4ngningar i hum\u00f6r. <\/p>\n<p>Kravm\u00e4rkt.<\/p>\n<p>Enligt Ayurveda finns tre olika dosor (kroppstyper) som kallas Vata, Pitta och Kapha. N\u00e4r v\u00e5ra doshor \u00e4r i balans \u00e4r vi friska och kan leva ett harmoniskt liv. S\u00e5h\u00e4r tolkar du den Ayurvediska informationen p\u00e5 f\u00f6rpackningen:<\/p>\n<p>V=Vata<br \/>\nP=Pita<br \/>\nK=Kapha<\/p>\n<p>- =s\u00e4nker<br \/>\n+ =h\u00f6jer<br \/>\no =neutral<\/p>\n<p>Inneh\u00e5ller:<br \/>\nkanel, ingef\u00e4ra, f\u00e4nk\u00e5l, anis, lakritsrot, kardemumma, humle, apelsinskal, basilika, apelsinextrakt, svartpeppar, lavendelblomma, bockhornskl\u00f6ver, r\u00f6lleka, kryddnejlika, kanelextrakt.<\/p>","protected":false},"excerpt":{"rendered":"<p>H\u00f6j din energi!<br \/>\nV-PoKo<\/p>","protected":false},"featured_media":59838,"template":"","meta":{"pmpro_default_level":""},"product_cat":[232],"product_tag":[],"class_list":{"0":"post-57551","1":"product","2":"type-product","3":"status-publish","4":"has-post-thumbnail","6":"product_cat-yogitea","7":"pmpro-has-access","9":"first","10":"instock","11":"product-type-simple"},"_links":{"self":[{"href":"https:\/\/kurs.theo.enson.se\/sv\/wp-json\/wp\/v2\/product\/57551","targetHints":{"allow":["GET"]}}],"collection":[{"href":"https:\/\/kurs.theo.enson.se\/sv\/wp-json\/wp\/v2\/product"}],"about":[{"href":"https:\/\/kurs.theo.enson.se\/sv\/wp-json\/wp\/v2\/types\/product"}],"wp:featuredmedia":[{"embeddable":true,"href":"https:\/\/kurs.theo.enson.se\/sv\/wp-json\/wp\/v2\/media\/59838"}],"wp:attachment":[{"href":"https:\/\/kurs.theo.enson.se\/sv\/wp-json\/wp\/v2\/media?parent=57551"}],"wp:term":[{"taxonomy":"product_cat","embeddable":true,"href":"https:\/\/kurs.theo.enson.se\/sv\/wp-json\/wp\/v2\/product_cat?post=57551"},{"taxonomy":"product_tag","embeddable":true,"href":"https:\/\/kurs.theo.enson.se\/sv\/wp-json\/wp\/v2\/product_tag?post=57551"}],"curies":[{"name":"wp","href":"https:\/\/api.w.org\/{rel}","templated":true}]}}