{"id":57552,"date":"2024-10-14T13:05:00","date_gmt":"2024-10-14T11:05:00","guid":{"rendered":"https:\/\/kurs.theo.enson.se\/produkt\/yogitea-ginger-orange-with-vanilla\/"},"modified":"2024-10-14T13:05:01","modified_gmt":"2024-10-14T11:05:01","slug":"yogitea-ginger-orange-with-vanilla","status":"publish","type":"product","link":"https:\/\/kurs.theo.enson.se\/sv\/produkt\/yogitea-ginger-orange-with-vanilla\/","title":{"rendered":"Yogitea Ingef\u00e4ra Apelsin med vanilj"},"content":{"rendered":"<p>En sp\u00e4nnande mix som l\u00e5ter ditt sinne lyftas av kittlande dofter och smaker fr\u00e5n v\u00e4rmande ingef\u00e4ra, apelsinens s\u00f6tma, exotisk blomster och en doft av vanilj. <\/p>\n<p>Kravm\u00e4rkt. <\/p>\n<p>Enligt Ayurveda finns tre olika dosor (kroppstyper) som kallas Vata, Pitta och Kapha. N\u00e4r v\u00e5ra doshor \u00e4r i balans \u00e4r vi friska och kan leva ett harmoniskt liv. S\u00e5h\u00e4r tolkar du den Ayurvediska informationen p\u00e5 f\u00f6rpackningen:<\/p>\n<p>V=Vata<br \/>\nP=Pita<br \/>\nK=Kapha<\/p>\n<p>- =s\u00e4nker<br \/>\n+ =h\u00f6jer<br \/>\no =neutral<\/p>\n<p>Inneh\u00e5ll:<br \/>\ningef\u00e4ra 44 %, lakrits, citrongr\u00e4s, svartpeppar, apelsinskal 4 %, pepparmint, vaniljextrakt 3 %, apelsinextrakt.<\/p>","protected":false},"excerpt":{"rendered":"<p>S\u00f6tt kryddigt te som s\u00e4gs g\u00f6ra tillvaron sk\u00f6n.<br \/>\nV-P+K-<\/p>","protected":false},"featured_media":59839,"template":"","meta":{"pmpro_default_level":""},"product_cat":[232],"product_tag":[],"class_list":{"0":"post-57552","1":"product","2":"type-product","3":"status-publish","4":"has-post-thumbnail","6":"product_cat-yogitea","7":"pmpro-has-access","9":"first","10":"instock","11":"product-type-simple"},"_links":{"self":[{"href":"https:\/\/kurs.theo.enson.se\/sv\/wp-json\/wp\/v2\/product\/57552","targetHints":{"allow":["GET"]}}],"collection":[{"href":"https:\/\/kurs.theo.enson.se\/sv\/wp-json\/wp\/v2\/product"}],"about":[{"href":"https:\/\/kurs.theo.enson.se\/sv\/wp-json\/wp\/v2\/types\/product"}],"wp:featuredmedia":[{"embeddable":true,"href":"https:\/\/kurs.theo.enson.se\/sv\/wp-json\/wp\/v2\/media\/59839"}],"wp:attachment":[{"href":"https:\/\/kurs.theo.enson.se\/sv\/wp-json\/wp\/v2\/media?parent=57552"}],"wp:term":[{"taxonomy":"product_cat","embeddable":true,"href":"https:\/\/kurs.theo.enson.se\/sv\/wp-json\/wp\/v2\/product_cat?post=57552"},{"taxonomy":"product_tag","embeddable":true,"href":"https:\/\/kurs.theo.enson.se\/sv\/wp-json\/wp\/v2\/product_tag?post=57552"}],"curies":[{"name":"wp","href":"https:\/\/api.w.org\/{rel}","templated":true}]}}