{"id":57553,"date":"2024-10-14T13:05:00","date_gmt":"2024-10-14T11:05:00","guid":{"rendered":"https:\/\/kurs.theo.enson.se\/produkt\/yogitea-bedtime-rooibos-vanilla\/"},"modified":"2024-10-14T13:05:01","modified_gmt":"2024-10-14T11:05:01","slug":"yogitea-bedtime-rooibos-vanilla","status":"publish","type":"product","link":"https:\/\/kurs.theo.enson.se\/sv\/produkt\/yogitea-bedtime-rooibos-vanilla\/","title":{"rendered":"Yogitea Bedtime Rooibos Vanilj"},"content":{"rendered":"<p>Inom Ayurveda s\u00e4ger man att en god s\u00f6mn \u00e4r oerh\u00f6rt viktig f\u00f6r ett liv som \u00e4r harmoniskt och balanserat.<br \/>\nVarva ner med en avslappnande kopp av detta te p\u00e5 kv\u00e4llen, g\u00e4rna 30 min innan du g\u00e5r och l\u00e4gger dig.<\/p>\n<p>Kravm\u00e4rkt.<\/p>\n<p>Enligt Ayurveda finns tre olika dosor (kroppstyper) som kallas Vata, Pitta och Kapha. N\u00e4r v\u00e5ra doshor \u00e4r i balans \u00e4r vi friska och kan leva ett harmoniskt liv. S\u00e5h\u00e4r tolkar du den Ayurvediska informationen p\u00e5 f\u00f6rpackningen:<\/p>\n<p>V=Vata<br \/>\nP=Pita<br \/>\nK=Kapha<\/p>\n<p>- =s\u00e4nker<br \/>\n+ =h\u00f6jer<br \/>\no =neutral<\/p>\n<p>17 tep\u00e5sar som inneh\u00e5ller:<br \/>\nrooibos 33%, kamomill 32%, kakaoskal, vaniljextrakt 3%, kanel, lakritsrot, kardemumma, citronmelissextrakt, muskot, rosenblad, ingef\u00e4ra, kryddnejlika och svartpeppar.<\/p>","protected":false},"excerpt":{"rendered":"<p>Drick detta rogivande te p\u00e5 kv\u00e4llen och Sov Gott!<br \/>\nVoP- Ko<\/p>","protected":false},"featured_media":59840,"template":"","meta":{"pmpro_default_level":""},"product_cat":[232],"product_tag":[],"class_list":{"0":"post-57553","1":"product","2":"type-product","3":"status-publish","4":"has-post-thumbnail","6":"product_cat-yogitea","7":"pmpro-has-access","9":"first","10":"instock","11":"product-type-simple"},"_links":{"self":[{"href":"https:\/\/kurs.theo.enson.se\/sv\/wp-json\/wp\/v2\/product\/57553","targetHints":{"allow":["GET"]}}],"collection":[{"href":"https:\/\/kurs.theo.enson.se\/sv\/wp-json\/wp\/v2\/product"}],"about":[{"href":"https:\/\/kurs.theo.enson.se\/sv\/wp-json\/wp\/v2\/types\/product"}],"wp:featuredmedia":[{"embeddable":true,"href":"https:\/\/kurs.theo.enson.se\/sv\/wp-json\/wp\/v2\/media\/59840"}],"wp:attachment":[{"href":"https:\/\/kurs.theo.enson.se\/sv\/wp-json\/wp\/v2\/media?parent=57553"}],"wp:term":[{"taxonomy":"product_cat","embeddable":true,"href":"https:\/\/kurs.theo.enson.se\/sv\/wp-json\/wp\/v2\/product_cat?post=57553"},{"taxonomy":"product_tag","embeddable":true,"href":"https:\/\/kurs.theo.enson.se\/sv\/wp-json\/wp\/v2\/product_tag?post=57553"}],"curies":[{"name":"wp","href":"https:\/\/api.w.org\/{rel}","templated":true}]}}