{"id":57556,"date":"2024-10-14T13:05:00","date_gmt":"2024-10-14T11:05:00","guid":{"rendered":"https:\/\/kurs.theo.enson.se\/produkt\/yogitea-sweet-chai\/"},"modified":"2024-10-14T13:05:03","modified_gmt":"2024-10-14T11:05:03","slug":"yogitea-sweet-chai","status":"publish","type":"product","link":"https:\/\/kurs.theo.enson.se\/sv\/produkt\/yogitea-sweet-chai\/","title":{"rendered":"Yogitea S\u00f6t Chai"},"content":{"rendered":"<p>Denna h\u00e4rliga chaikomposition, utan koffein, har en h\u00e4rlig mix av s\u00f6tma fr\u00e5n anis, lakrits och f\u00e4nk\u00e5l och distinkta och jordn\u00e4ra smaker fr\u00e5n kanel, ingef\u00e4ra och kryddnejlika. Njutbart vid alla tillf\u00e4llen.<\/p>\n<p>Kravm\u00e4rkt.<\/p>\n<p>17 tep\u00e5sar med inneh\u00e5ll:<br \/>\nanis, f\u00e4nk\u00e5l, lakrits, kardborrerot, svartpeppar, lakritsrot, kanel extrakt, ingef\u00e4rsextrakt.<\/p>\n<p>Enligt Ayurveda finns tre olika dosor (kroppstyper) som kallas Vata, Pitta och Kapha. N\u00e4r v\u00e5ra doshor \u00e4r i balans \u00e4r vi friska och kan leva ett harmoniskt liv. S\u00e5h\u00e4r tolkar du den Ayurvediska informationen p\u00e5 f\u00f6rpackningen:<\/p>\n<p>V=Vata<br \/>\nP=Pita<br \/>\nK=Kapha<\/p>\n<p>- =s\u00e4nker<br \/>\n+ =h\u00f6jer<br \/>\no =neutral<\/p>","protected":false},"excerpt":{"rendered":"<p>S\u00f6t, kryddig och underbart aromatisk smak.<br \/>\nV-PoKo<\/p>","protected":false},"featured_media":59843,"template":"","meta":{"pmpro_default_level":""},"product_cat":[232],"product_tag":[],"class_list":{"0":"post-57556","1":"product","2":"type-product","3":"status-publish","4":"has-post-thumbnail","6":"product_cat-yogitea","7":"pmpro-has-access","9":"first","10":"instock","11":"product-type-simple"},"_links":{"self":[{"href":"https:\/\/kurs.theo.enson.se\/sv\/wp-json\/wp\/v2\/product\/57556","targetHints":{"allow":["GET"]}}],"collection":[{"href":"https:\/\/kurs.theo.enson.se\/sv\/wp-json\/wp\/v2\/product"}],"about":[{"href":"https:\/\/kurs.theo.enson.se\/sv\/wp-json\/wp\/v2\/types\/product"}],"wp:featuredmedia":[{"embeddable":true,"href":"https:\/\/kurs.theo.enson.se\/sv\/wp-json\/wp\/v2\/media\/59843"}],"wp:attachment":[{"href":"https:\/\/kurs.theo.enson.se\/sv\/wp-json\/wp\/v2\/media?parent=57556"}],"wp:term":[{"taxonomy":"product_cat","embeddable":true,"href":"https:\/\/kurs.theo.enson.se\/sv\/wp-json\/wp\/v2\/product_cat?post=57556"},{"taxonomy":"product_tag","embeddable":true,"href":"https:\/\/kurs.theo.enson.se\/sv\/wp-json\/wp\/v2\/product_tag?post=57556"}],"curies":[{"name":"wp","href":"https:\/\/api.w.org\/{rel}","templated":true}]}}