{"id":57557,"date":"2024-10-14T13:05:00","date_gmt":"2024-10-14T11:05:00","guid":{"rendered":"https:\/\/kurs.theo.enson.se\/produkt\/yogitea-licorice\/"},"modified":"2024-10-14T13:05:04","modified_gmt":"2024-10-14T11:05:04","slug":"yogitea-licorice","status":"publish","type":"product","link":"https:\/\/kurs.theo.enson.se\/sv\/produkt\/yogitea-licorice\/","title":{"rendered":"Yogitea lakrits"},"content":{"rendered":"<p>Lakritsrot har under \u00e5rhundradena uppskattats f\u00f6r dess naturliga s\u00f6thet, fylliga smak och st\u00e4rkande egenskaper, perfekt n\u00e4r som helst p\u00e5 dagen. Essensen av te\u00e9ts egenskaper \u00e4r \"Tillfredsst\u00e4llelse\". Lakrits har traditionellt anv\u00e4nts som ett skonsamt medel vid magproblem och irriterande hals.<\/p>\n<p>Enligt Ayurveda finns tre olika dosor (kroppstyper) som kallas Vata, Pitta och Kapha. N\u00e4r v\u00e5ra doshor \u00e4r i balans \u00e4r vi friska och kan leva ett harmoniskt liv. S\u00e5h\u00e4r tolkar du den Ayurvediska informationen p\u00e5 f\u00f6rpackningen:<\/p>\n<p>V=Vata<br \/>\nP=Pita<br \/>\nK=Kapha<\/p>\n<p>- =s\u00e4nker<br \/>\n+ =h\u00f6jer<br \/>\no =neutral<\/p>\n<p>17 tep\u00e5sar med inneh\u00e5ll:<br \/>\nlakritsrot, kanel, apelsinskal, ingef\u00e4ra, kardemumma, rostad cikoria, kryddnejlika, apelsinolja, svartpeppar, vaniljextrakt.<\/p>\n<p>Kravm\u00e4rkt.<\/p>","protected":false},"excerpt":{"rendered":"<p>S\u00f6tt, balanserande, angen\u00e4mt.<br \/>\n V-PoK-<\/p>","protected":false},"featured_media":59844,"template":"","meta":{"pmpro_default_level":""},"product_cat":[232],"product_tag":[],"class_list":{"0":"post-57557","1":"product","2":"type-product","3":"status-publish","4":"has-post-thumbnail","6":"product_cat-yogitea","7":"pmpro-has-access","9":"first","10":"instock","11":"product-type-simple"},"_links":{"self":[{"href":"https:\/\/kurs.theo.enson.se\/sv\/wp-json\/wp\/v2\/product\/57557","targetHints":{"allow":["GET"]}}],"collection":[{"href":"https:\/\/kurs.theo.enson.se\/sv\/wp-json\/wp\/v2\/product"}],"about":[{"href":"https:\/\/kurs.theo.enson.se\/sv\/wp-json\/wp\/v2\/types\/product"}],"wp:featuredmedia":[{"embeddable":true,"href":"https:\/\/kurs.theo.enson.se\/sv\/wp-json\/wp\/v2\/media\/59844"}],"wp:attachment":[{"href":"https:\/\/kurs.theo.enson.se\/sv\/wp-json\/wp\/v2\/media?parent=57557"}],"wp:term":[{"taxonomy":"product_cat","embeddable":true,"href":"https:\/\/kurs.theo.enson.se\/sv\/wp-json\/wp\/v2\/product_cat?post=57557"},{"taxonomy":"product_tag","embeddable":true,"href":"https:\/\/kurs.theo.enson.se\/sv\/wp-json\/wp\/v2\/product_tag?post=57557"}],"curies":[{"name":"wp","href":"https:\/\/api.w.org\/{rel}","templated":true}]}}