{"id":57558,"date":"2024-10-14T13:05:00","date_gmt":"2024-10-14T11:05:00","guid":{"rendered":"https:\/\/kurs.theo.enson.se\/produkt\/yogitea-sweet-chili\/"},"modified":"2024-10-14T13:05:05","modified_gmt":"2024-10-14T11:05:05","slug":"yogitea-sweet-chili","status":"publish","type":"product","link":"https:\/\/kurs.theo.enson.se\/sv\/produkt\/yogitea-sweet-chili\/","title":{"rendered":"Yogitea Sweet Chili"},"content":{"rendered":"<p>Sweet chili har en perfekt balans mellan kryddigt, aromatiskt och s\u00f6t smak. Blandningen i detta te \u00e4r inspirerad av det traditionella mexikanska av att blanda kakao med kryddor och chili. L\u00e5t sweet chili v\u00e4rma ditt hj\u00e4rta och ge kroppen gl\u00e4dje. <\/p>\n<p>Kravm\u00e4rkt.<\/p>\n<p>Enligt Ayurveda finns tre olika dosor (kroppstyper) som kallas Vata, Pitta och Kapha. N\u00e4r v\u00e5ra doshor \u00e4r i balans \u00e4r vi friska och kan leva ett harmoniskt liv. S\u00e5h\u00e4r tolkar du den Ayurvediska informationen p\u00e5 f\u00f6rpackningen:<\/p>\n<p>V=Vata<br \/>\nP=Pita<br \/>\nK=Kapha<\/p>\n<p>- =s\u00e4nker<br \/>\n+ =h\u00f6jer<br \/>\no =neutral<\/p>\n<p>17 tep\u00e5sar med inneh\u00e5ll:<br \/>\nlakritsrot 35%, kakaoskal 14%, gr\u00f6nmynta, f\u00e4nk\u00e5l, anis, ingef\u00e4ra, pepparmynta, br\u00e4nn\u00e4ssla, kanel, chilipeppar, kardemumma, kryddnejlika, OCH svartpeppar.<\/p>","protected":false},"excerpt":{"rendered":"<p>F\u00f6r frisk och tillfredsst\u00e4llande k\u00e4nsla.<br \/>\nV-P+K-<\/p>","protected":false},"featured_media":59845,"template":"","meta":{"pmpro_default_level":""},"product_cat":[232],"product_tag":[],"class_list":{"0":"post-57558","1":"product","2":"type-product","3":"status-publish","4":"has-post-thumbnail","6":"product_cat-yogitea","7":"pmpro-has-access","9":"first","10":"instock","11":"product-type-simple"},"_links":{"self":[{"href":"https:\/\/kurs.theo.enson.se\/sv\/wp-json\/wp\/v2\/product\/57558","targetHints":{"allow":["GET"]}}],"collection":[{"href":"https:\/\/kurs.theo.enson.se\/sv\/wp-json\/wp\/v2\/product"}],"about":[{"href":"https:\/\/kurs.theo.enson.se\/sv\/wp-json\/wp\/v2\/types\/product"}],"wp:featuredmedia":[{"embeddable":true,"href":"https:\/\/kurs.theo.enson.se\/sv\/wp-json\/wp\/v2\/media\/59845"}],"wp:attachment":[{"href":"https:\/\/kurs.theo.enson.se\/sv\/wp-json\/wp\/v2\/media?parent=57558"}],"wp:term":[{"taxonomy":"product_cat","embeddable":true,"href":"https:\/\/kurs.theo.enson.se\/sv\/wp-json\/wp\/v2\/product_cat?post=57558"},{"taxonomy":"product_tag","embeddable":true,"href":"https:\/\/kurs.theo.enson.se\/sv\/wp-json\/wp\/v2\/product_tag?post=57558"}],"curies":[{"name":"wp","href":"https:\/\/api.w.org\/{rel}","templated":true}]}}