{"id":57559,"date":"2024-10-14T13:05:00","date_gmt":"2024-10-14T11:05:00","guid":{"rendered":"https:\/\/kurs.theo.enson.se\/produkt\/yogitea-womens-energy\/"},"modified":"2024-10-14T13:05:05","modified_gmt":"2024-10-14T11:05:05","slug":"yogitea-womens-energy","status":"publish","type":"product","link":"https:\/\/kurs.theo.enson.se\/sv\/produkt\/yogitea-womens-energy\/","title":{"rendered":"Yogitea Women's energy"},"content":{"rendered":"<p>Women's Energy inneh\u00e5ller hibiskus, angelikarotextrakt och hallonblad som g\u00f6r te\u00e9t entusiastiskt och livligt. Gotta dig med en kopp n\u00e4r som helst under dagen f\u00f6r att k\u00e4nna dig str\u00e5lande energisk. Ett inneh\u00e5ll som hj\u00e4lper oss att anv\u00e4nda alla fantastiska resurser som finns i v\u00e5r kvinnliga kropp. Ljuvligt b\u00e5de varmt som kallt.<\/p>\n<p>Kravm\u00e4rkt.<\/p>\n<p>Enligt Ayurveda finns tre olika dosor (kroppstyper) som kallas Vata, Pitta och Kapha. N\u00e4r v\u00e5ra doshor \u00e4r i balans \u00e4r vi friska och kan leva ett harmoniskt liv. S\u00e5h\u00e4r tolkar du den Ayurvediska informationen p\u00e5 f\u00f6rpackningen:<\/p>\n<p>V=Vata<br \/>\nP=Pita<br \/>\nK=Kapha<\/p>\n<p>- =s\u00e4nker<br \/>\n+ =h\u00f6jer<br \/>\no =neutral<\/p>\n<p>Inneh\u00e5ller: hibiskus(38%, lakritsrot, pepparmynta, hallonblad, svartpeppar, kvanne-extrakt, kanel, ingef\u00e4ra, kardemumma och kryddnejlika.<\/p>","protected":false},"excerpt":{"rendered":"<p>Kvinnlig kraft i dess essens.<br \/>\nVoPoKo<\/p>","protected":false},"featured_media":59846,"template":"","meta":{"pmpro_default_level":""},"product_cat":[232],"product_tag":[],"class_list":{"0":"post-57559","1":"product","2":"type-product","3":"status-publish","4":"has-post-thumbnail","6":"product_cat-yogitea","7":"pmpro-has-access","9":"first","10":"instock","11":"product-type-simple"},"_links":{"self":[{"href":"https:\/\/kurs.theo.enson.se\/sv\/wp-json\/wp\/v2\/product\/57559","targetHints":{"allow":["GET"]}}],"collection":[{"href":"https:\/\/kurs.theo.enson.se\/sv\/wp-json\/wp\/v2\/product"}],"about":[{"href":"https:\/\/kurs.theo.enson.se\/sv\/wp-json\/wp\/v2\/types\/product"}],"wp:featuredmedia":[{"embeddable":true,"href":"https:\/\/kurs.theo.enson.se\/sv\/wp-json\/wp\/v2\/media\/59846"}],"wp:attachment":[{"href":"https:\/\/kurs.theo.enson.se\/sv\/wp-json\/wp\/v2\/media?parent=57559"}],"wp:term":[{"taxonomy":"product_cat","embeddable":true,"href":"https:\/\/kurs.theo.enson.se\/sv\/wp-json\/wp\/v2\/product_cat?post=57559"},{"taxonomy":"product_tag","embeddable":true,"href":"https:\/\/kurs.theo.enson.se\/sv\/wp-json\/wp\/v2\/product_tag?post=57559"}],"curies":[{"name":"wp","href":"https:\/\/api.w.org\/{rel}","templated":true}]}}