{"id":57560,"date":"2024-10-14T13:05:00","date_gmt":"2024-10-14T11:05:00","guid":{"rendered":"https:\/\/kurs.theo.enson.se\/produkt\/yogitea-womens-balance\/"},"modified":"2024-10-14T13:05:06","modified_gmt":"2024-10-14T11:05:06","slug":"yogitea-womens-balance","status":"publish","type":"product","link":"https:\/\/kurs.theo.enson.se\/sv\/produkt\/yogitea-womens-balance\/","title":{"rendered":"Yogitea Balans f\u00f6r kvinnor"},"content":{"rendered":"<p>Women's balance st\u00f6djer matsm\u00e4ltningen, s\u00e4rskilt under PMS. Drick en kopp f\u00f6r en k\u00e4nsla av avslappning och anti-stress.<br \/>\nAtt ha balans mellan v\u00e5ra manliga och kvinnliga energier hj\u00e4lper oss att g\u00f6ra ha m\u00e5nga bollar i luften och att balansera den naturliga livsrytmen<br \/>\nDenna goda och milda teblandning av timjan, lakrits, lavendel och hallonblad g\u00f6r detta litet l\u00e4ttare.<br \/>\nEssensen av te\u00e9t \u00e4r att f\u00f6lja Naturliga rytmers visdom. <\/p>\n<p>Kravm\u00e4rkt.<\/p>\n<p>Enligt Ayurveda finns tre olika dosor (kroppstyper) som kallas Vata, Pitta och Kapha. N\u00e4r v\u00e5ra doshor \u00e4r i balans \u00e4r vi friska och kan leva ett harmoniskt liv. S\u00e5h\u00e4r tolkar du den Ayurvediska informationen p\u00e5 f\u00f6rpackningen:<\/p>\n<p>V=Vata<br \/>\nP=Pita<br \/>\nK=Kapha<\/p>\n<p>- =s\u00e4nker<br \/>\n+ =h\u00f6jer<br \/>\no =neutral<\/p>\n<p>Inneh\u00e5ller 17 tep\u00e5sar.<\/p>\n<p>Tep\u00e5sen inneh\u00e5ller:<br \/>\nhallonblad 35%, lakritsrot, citronverbena 13%, kanel, citronmeliss, ingef\u00e4ra, timjan, lavendelblomma, oregano, kardemumma, svartpeppar och kryddnejlika.<\/p>","protected":false},"excerpt":{"rendered":"<p>F\u00f6r balans i tillvaron.<br \/>\nVoPoKo<\/p>","protected":false},"featured_media":59847,"template":"","meta":{"pmpro_default_level":""},"product_cat":[232],"product_tag":[],"class_list":{"0":"post-57560","1":"product","2":"type-product","3":"status-publish","4":"has-post-thumbnail","6":"product_cat-yogitea","7":"pmpro-has-access","9":"first","10":"instock","11":"product-type-simple"},"_links":{"self":[{"href":"https:\/\/kurs.theo.enson.se\/sv\/wp-json\/wp\/v2\/product\/57560","targetHints":{"allow":["GET"]}}],"collection":[{"href":"https:\/\/kurs.theo.enson.se\/sv\/wp-json\/wp\/v2\/product"}],"about":[{"href":"https:\/\/kurs.theo.enson.se\/sv\/wp-json\/wp\/v2\/types\/product"}],"wp:featuredmedia":[{"embeddable":true,"href":"https:\/\/kurs.theo.enson.se\/sv\/wp-json\/wp\/v2\/media\/59847"}],"wp:attachment":[{"href":"https:\/\/kurs.theo.enson.se\/sv\/wp-json\/wp\/v2\/media?parent=57560"}],"wp:term":[{"taxonomy":"product_cat","embeddable":true,"href":"https:\/\/kurs.theo.enson.se\/sv\/wp-json\/wp\/v2\/product_cat?post=57560"},{"taxonomy":"product_tag","embeddable":true,"href":"https:\/\/kurs.theo.enson.se\/sv\/wp-json\/wp\/v2\/product_tag?post=57560"}],"curies":[{"name":"wp","href":"https:\/\/api.w.org\/{rel}","templated":true}]}}