{"id":57561,"date":"2024-10-14T13:05:13","date_gmt":"2024-10-14T11:05:13","guid":{"rendered":"https:\/\/kurs.theo.enson.se\/produkt\/yogitea-positive-energy\/"},"modified":"2024-10-14T13:05:13","modified_gmt":"2024-10-14T11:05:13","slug":"yogitea-positive-energy","status":"publish","type":"product","link":"https:\/\/kurs.theo.enson.se\/sv\/produkt\/yogitea-positive-energy\/","title":{"rendered":"Yogitea Positiv Energi"},"content":{"rendered":"<p>Tranb\u00e4r och hibiskus \u00e4r en f\u00f6rn\u00e4m och samtidigt f\u00e4ngslande blandning av \u00f6rter som bl a guarana och kryddor. Positiv energi \u00e4r rik p\u00e5 svart Assam te och gr\u00f6n mate i kombination med fruktig tranb\u00e4r och nypon som l\u00e5ter dina smakl\u00f6kar dansa.<br \/>\nTa en kopp Positive energy f\u00f6r att ge energi och lyfta hum\u00f6ret och kunna le trots stressiga situationer.<br \/>\nKravm\u00e4rkt.<\/p>\n<p>Enligt Ayurveda finns tre olika dosor (kroppstyper) som kallas Vata, Pitta och Kapha. N\u00e4r v\u00e5ra doshor \u00e4r i balans \u00e4r vi friska och kan leva ett harmoniskt liv. S\u00e5h\u00e4r tolkar du den Ayurvediska informationen p\u00e5 f\u00f6rpackningen:<\/p>\n<p>V=Vata<br \/>\nP=Pita<br \/>\nK=Kapha<\/p>\n<p>- =s\u00e4nker<br \/>\n+ =h\u00f6jer<br \/>\no =neutral<\/p>\n<p>17 p\u00e5sar med inneh\u00e5ll:<br \/>\nSvart te Assam 19%, hibiskus 17%, gr\u00f6n mate 12%, lakritsrot, citrongr\u00e4s 3%, citronmyrten, torkad citronjuice, nypon, r\u00f6dbeta, tranb\u00e4r 3%, kanel, svartpeppar, apelsinskal, rosmarin, apelsinolja, ingef\u00e4ra, guarana, ginsengrot, kardemumma och kryddnejlika.<\/p>","protected":false},"excerpt":{"rendered":"<p>Upplyftande och stimulerande.<br \/>\nV+PoK-<\/p>","protected":false},"featured_media":59848,"template":"","meta":{"pmpro_default_level":""},"product_cat":[232],"product_tag":[],"class_list":{"0":"post-57561","1":"product","2":"type-product","3":"status-publish","4":"has-post-thumbnail","6":"product_cat-yogitea","7":"pmpro-has-access","9":"first","10":"instock","11":"product-type-simple"},"_links":{"self":[{"href":"https:\/\/kurs.theo.enson.se\/sv\/wp-json\/wp\/v2\/product\/57561","targetHints":{"allow":["GET"]}}],"collection":[{"href":"https:\/\/kurs.theo.enson.se\/sv\/wp-json\/wp\/v2\/product"}],"about":[{"href":"https:\/\/kurs.theo.enson.se\/sv\/wp-json\/wp\/v2\/types\/product"}],"wp:featuredmedia":[{"embeddable":true,"href":"https:\/\/kurs.theo.enson.se\/sv\/wp-json\/wp\/v2\/media\/59848"}],"wp:attachment":[{"href":"https:\/\/kurs.theo.enson.se\/sv\/wp-json\/wp\/v2\/media?parent=57561"}],"wp:term":[{"taxonomy":"product_cat","embeddable":true,"href":"https:\/\/kurs.theo.enson.se\/sv\/wp-json\/wp\/v2\/product_cat?post=57561"},{"taxonomy":"product_tag","embeddable":true,"href":"https:\/\/kurs.theo.enson.se\/sv\/wp-json\/wp\/v2\/product_tag?post=57561"}],"curies":[{"name":"wp","href":"https:\/\/api.w.org\/{rel}","templated":true}]}}