{"id":57562,"date":"2024-10-14T13:05:13","date_gmt":"2024-10-14T11:05:13","guid":{"rendered":"https:\/\/kurs.theo.enson.se\/produkt\/yogitea-lime-mint\/"},"modified":"2024-10-14T13:05:14","modified_gmt":"2024-10-14T11:05:14","slug":"yogitea-lime-mint","status":"publish","type":"product","link":"https:\/\/kurs.theo.enson.se\/sv\/produkt\/yogitea-lime-mint\/","title":{"rendered":"Yogitea Lime mint"},"content":{"rendered":"<p>Det \u00e4r som om Lime Mint p\u00e5minner dig om de d\u00e4r nya niv\u00e5erna av medvetenhet som kan uppn\u00e5s under dina tidiga morgonmeditationer. Smaken av detta fruktigt ljusa, pigga och l\u00e4ttsamma te renar sinnet som en svalkande bris. G\u00e5r utm\u00e4rkt att dricka l\u00e4skande kall.<br \/>\nEssensen av te\u00e9t \u00e4r Behagligt liv.<\/p>\n<p>Kravm\u00e4rkt.<\/p>\n<p>Enligt Ayurveda finns tre olika dosor (kroppstyper) som kallas Vata, Pitta och Kapha. N\u00e4r v\u00e5ra doshor \u00e4r i balans \u00e4r vi friska och kan leva ett harmoniskt liv. S\u00e5h\u00e4r tolkar du den Ayurvediska informationen p\u00e5 f\u00f6rpackningen:<\/p>\n<p>V=Vata<br \/>\nP=Pita<br \/>\nK=Kapha<\/p>\n<p>- =s\u00e4nker<br \/>\n+ =h\u00f6jer<br \/>\no =neutral<\/p>\n<p>Inneh\u00e5ller 17 tep\u00e5sar.<\/p>\n<p>Tep\u00e5sen inneh\u00e5ller:<br \/>\nLakritsrot 29%, lime 15%, gr\u00f6nmynta 15%, pepparmynta 15%, kardemumma 15%, torkad citronjuice 4%, gurkmeja, ingef\u00e4ra, kanel, kryddnejlika och svartpeppar.<\/p>","protected":false},"excerpt":{"rendered":"<p>F\u00f6r ett klart huvud hela dagen.<br \/>\nV-PoKo<\/p>","protected":false},"featured_media":59849,"template":"","meta":{"pmpro_default_level":""},"product_cat":[232],"product_tag":[],"class_list":{"0":"post-57562","1":"product","2":"type-product","3":"status-publish","4":"has-post-thumbnail","6":"product_cat-yogitea","7":"pmpro-has-access","9":"first","10":"instock","11":"product-type-simple"},"_links":{"self":[{"href":"https:\/\/kurs.theo.enson.se\/sv\/wp-json\/wp\/v2\/product\/57562","targetHints":{"allow":["GET"]}}],"collection":[{"href":"https:\/\/kurs.theo.enson.se\/sv\/wp-json\/wp\/v2\/product"}],"about":[{"href":"https:\/\/kurs.theo.enson.se\/sv\/wp-json\/wp\/v2\/types\/product"}],"wp:featuredmedia":[{"embeddable":true,"href":"https:\/\/kurs.theo.enson.se\/sv\/wp-json\/wp\/v2\/media\/59849"}],"wp:attachment":[{"href":"https:\/\/kurs.theo.enson.se\/sv\/wp-json\/wp\/v2\/media?parent=57562"}],"wp:term":[{"taxonomy":"product_cat","embeddable":true,"href":"https:\/\/kurs.theo.enson.se\/sv\/wp-json\/wp\/v2\/product_cat?post=57562"},{"taxonomy":"product_tag","embeddable":true,"href":"https:\/\/kurs.theo.enson.se\/sv\/wp-json\/wp\/v2\/product_tag?post=57562"}],"curies":[{"name":"wp","href":"https:\/\/api.w.org\/{rel}","templated":true}]}}