{"id":57572,"date":"2024-10-14T13:05:21","date_gmt":"2024-10-14T11:05:21","guid":{"rendered":"https:\/\/kurs.theo.enson.se\/produkt\/yogitea-stomach-ease\/"},"modified":"2024-10-14T13:05:22","modified_gmt":"2024-10-14T11:05:22","slug":"yogitea-stomach-ease","status":"publish","type":"product","link":"https:\/\/kurs.theo.enson.se\/sv\/produkt\/yogitea-stomach-ease\/","title":{"rendered":"Yogitea Mage l\u00e4tt"},"content":{"rendered":"<p>Yogitea Stomach Ease \u00e4r ett te som inspirerats av den indiska ayurvediska traditionen av masala-blandningar. Det \u00e4r special\u00f6rtblandningar som ger en underbar smak. H\u00e4r har \u00f6rter som f\u00e4nk\u00e5l, lakrits och pepparmynta blandats med v\u00e4rmande kryddor som kardemumma, koriander, ingef\u00e4ra och svartpeppar. Detta goda goda te kan du dricka i sm\u00e5klunkar till m\u00e5ltider eller n\u00e4r som helst p\u00e5 dagen, f\u00f6r din mages skull.<\/p>\n<p>Kravm\u00e4rkt.<\/p>\n<p>Enligt Ayurveda finns tre olika dosor (kroppstyper) som kallas Vata, Pitta och Kapha. N\u00e4r v\u00e5ra doshor \u00e4r i balans \u00e4r vi friska och kan leva ett harmoniskt liv. S\u00e5h\u00e4r tolkar du den Ayurvediska informationen p\u00e5 f\u00f6rpackningen:<\/p>\n<p>V=Vata<br \/>\nP=Pita<br \/>\nK=Kapha<\/p>\n<p>- =s\u00e4nker<br \/>\n+ =h\u00f6jer<br \/>\no =neutral<\/p>\n<p>Inneh\u00e5ller 17 tep\u00e5sar.<\/p>\n<p>Tep\u00e5sen inneh\u00e5ller:<br \/>\nKardemumma 17%, f\u00e4nk\u00e5l 17%, koriander, kornmalt, lakritsrot, pepparmynta, ingef\u00e4ra 6%, kanel, svartpeppar och kryddnejlika.<\/p>","protected":false},"excerpt":{"rendered":"<p>Gud, s\u00f6t och rogivande.<br \/>\nV-KPo<\/p>","protected":false},"featured_media":59859,"template":"","meta":{"pmpro_default_level":""},"product_cat":[232],"product_tag":[],"class_list":{"0":"post-57572","1":"product","2":"type-product","3":"status-publish","4":"has-post-thumbnail","6":"product_cat-yogitea","7":"pmpro-has-access","9":"first","10":"instock","11":"product-type-simple"},"_links":{"self":[{"href":"https:\/\/kurs.theo.enson.se\/sv\/wp-json\/wp\/v2\/product\/57572","targetHints":{"allow":["GET"]}}],"collection":[{"href":"https:\/\/kurs.theo.enson.se\/sv\/wp-json\/wp\/v2\/product"}],"about":[{"href":"https:\/\/kurs.theo.enson.se\/sv\/wp-json\/wp\/v2\/types\/product"}],"wp:featuredmedia":[{"embeddable":true,"href":"https:\/\/kurs.theo.enson.se\/sv\/wp-json\/wp\/v2\/media\/59859"}],"wp:attachment":[{"href":"https:\/\/kurs.theo.enson.se\/sv\/wp-json\/wp\/v2\/media?parent=57572"}],"wp:term":[{"taxonomy":"product_cat","embeddable":true,"href":"https:\/\/kurs.theo.enson.se\/sv\/wp-json\/wp\/v2\/product_cat?post=57572"},{"taxonomy":"product_tag","embeddable":true,"href":"https:\/\/kurs.theo.enson.se\/sv\/wp-json\/wp\/v2\/product_tag?post=57572"}],"curies":[{"name":"wp","href":"https:\/\/api.w.org\/{rel}","templated":true}]}}