{"id":57573,"date":"2024-10-14T13:05:21","date_gmt":"2024-10-14T11:05:21","guid":{"rendered":"https:\/\/kurs.theo.enson.se\/produkt\/yogitea-wellbeing\/"},"modified":"2024-10-14T13:05:23","modified_gmt":"2024-10-14T11:05:23","slug":"yogitea-wellbeing","status":"publish","type":"product","link":"https:\/\/kurs.theo.enson.se\/sv\/produkt\/yogitea-wellbeing\/","title":{"rendered":"Yogitea V\u00e4lbefinnande"},"content":{"rendered":"<p>Yogitea Wellbeing inneh\u00e5ller aromatisk salvia och v\u00e4rmande kanel som p\u00e5minner oss om den gamla Medelhavstraditionen att dricka salviate. Citrongr\u00e4s, kardemumma och lakrits f\u00f6rh\u00f6jer detta unika te \u00e4nnu mer. Wellbeing inneh\u00e5ller antioxidanter och det st\u00f6djer immunf\u00f6rsvar, matsm\u00e4ltning och hormonbalans. Att ha god h\u00e4lsa och hitta tid f\u00f6r sig sj\u00e4lv \u00e4r en konst. Koppla av och njut en kopp Yogitea Wellbeing - och kom ih\u00e5g att vara sn\u00e4ll mot dig sj\u00e4lv. <\/p>\n<p>Kravm\u00e4rkt.<\/p>\n<p>Enligt Ayurveda finns tre olika dosor (kroppstyper) som kallas Vata, Pitta och Kapha. N\u00e4r v\u00e5ra doshor \u00e4r i balans \u00e4r vi friska och kan leva ett harmoniskt liv. S\u00e5h\u00e4r tolkar du den Ayurvediska informationen p\u00e5 f\u00f6rpackningen:<\/p>\n<p>V=Vata<br \/>\nP=Pita<br \/>\nK=Kapha<\/p>\n<p>- =s\u00e4nker<br \/>\n+ =h\u00f6jer<br \/>\no =neutral<\/p>\n<p>Inneh\u00e5ller 17 tep\u00e5sar.<\/p>\n<p>Tep\u00e5sen inneh\u00e5ller:<br \/>\nKanel 30%, salvia 23%, lakritsrot, oregano 8%, kardemumma, citrongr\u00e4s, ingef\u00e4ra, kryddnejlika, citronverbena, svartpeppar, kanelolja, ingef\u00e4rsolja, bockhornskl\u00f6ver och koriander.<\/p>","protected":false},"excerpt":{"rendered":"<p>Hitta tid f\u00f6r dig sj\u00e4lv.<br \/>\nV-P+K-<\/p>","protected":false},"featured_media":59860,"template":"","meta":{"pmpro_default_level":""},"product_cat":[232],"product_tag":[],"class_list":{"0":"post-57573","1":"product","2":"type-product","3":"status-publish","4":"has-post-thumbnail","6":"product_cat-yogitea","7":"pmpro-has-access","9":"first","10":"instock","11":"product-type-simple"},"_links":{"self":[{"href":"https:\/\/kurs.theo.enson.se\/sv\/wp-json\/wp\/v2\/product\/57573","targetHints":{"allow":["GET"]}}],"collection":[{"href":"https:\/\/kurs.theo.enson.se\/sv\/wp-json\/wp\/v2\/product"}],"about":[{"href":"https:\/\/kurs.theo.enson.se\/sv\/wp-json\/wp\/v2\/types\/product"}],"wp:featuredmedia":[{"embeddable":true,"href":"https:\/\/kurs.theo.enson.se\/sv\/wp-json\/wp\/v2\/media\/59860"}],"wp:attachment":[{"href":"https:\/\/kurs.theo.enson.se\/sv\/wp-json\/wp\/v2\/media?parent=57573"}],"wp:term":[{"taxonomy":"product_cat","embeddable":true,"href":"https:\/\/kurs.theo.enson.se\/sv\/wp-json\/wp\/v2\/product_cat?post=57573"},{"taxonomy":"product_tag","embeddable":true,"href":"https:\/\/kurs.theo.enson.se\/sv\/wp-json\/wp\/v2\/product_tag?post=57573"}],"curies":[{"name":"wp","href":"https:\/\/api.w.org\/{rel}","templated":true}]}}