{"id":57574,"date":"2024-10-14T13:05:21","date_gmt":"2024-10-14T11:05:21","guid":{"rendered":"https:\/\/kurs.theo.enson.se\/produkt\/yogitea-detox\/"},"modified":"2024-10-14T13:05:24","modified_gmt":"2024-10-14T11:05:24","slug":"yogitea-detox","status":"publish","type":"product","link":"https:\/\/kurs.theo.enson.se\/sv\/produkt\/yogitea-detox\/","title":{"rendered":"Yogitea Detox"},"content":{"rendered":"<p>F\u00f6rest\u00e4ll dig naturen efter ett friskt regn.V\u00e5r egen inre natur har ocks\u00e5 f\u00f6rm\u00e5gan att f\u00f6rnyas i regelbundna cykler. V\u00e4l valda \u00f6rter kan st\u00f6dja oss med detta. Yogitea Detox \u00e4r en balanserad blandning av s\u00f6t lakrits och kryddig ingef\u00e4ra tillsammans med traditionella \u00f6rter som maskros och kardborrerot. Ett gott och popul\u00e4rt te.<\/p>\n<p>Kravm\u00e4rkt.<\/p>\n<p>Enligt Ayurveda finns tre olika dosor (kroppstyper) som kallas Vata, Pitta och Kapha. N\u00e4r v\u00e5ra doshor \u00e4r i balans \u00e4r vi friska och kan leva ett harmoniskt liv. S\u00e5h\u00e4r tolkar du den Ayurvediska informationen p\u00e5 f\u00f6rpackningen:<\/p>\n<p>V=Vata<br \/>\nP=Pita<br \/>\nK=Kapha<\/p>\n<p>- =s\u00e4nker<br \/>\n+ =h\u00f6jer<br \/>\no =neutral<\/p>\n<p>Inneh\u00e5ller 17 tep\u00e5sar.<\/p>\n<p>Tep\u00e5sen inneh\u00e5ller:<br \/>\nLakritsrot 26%, kanel 17%, kardborrerot, ingef\u00e4ra, maskros 7%, f\u00e4nk\u00e5l, anis 3%, enb\u00e4r, koriander, kardemumma, svartpeppar, persilja, salvia, kryddnejlika och gurkmeja.<\/p>","protected":false},"excerpt":{"rendered":"<p>H\u00e4rlig f\u00f6rnyelse<br \/>\nV-PoK-<\/p>","protected":false},"featured_media":59861,"template":"","meta":{"pmpro_default_level":""},"product_cat":[232],"product_tag":[],"class_list":{"0":"post-57574","1":"product","2":"type-product","3":"status-publish","4":"has-post-thumbnail","6":"product_cat-yogitea","7":"pmpro-has-access","9":"first","10":"instock","11":"product-type-simple"},"_links":{"self":[{"href":"https:\/\/kurs.theo.enson.se\/sv\/wp-json\/wp\/v2\/product\/57574","targetHints":{"allow":["GET"]}}],"collection":[{"href":"https:\/\/kurs.theo.enson.se\/sv\/wp-json\/wp\/v2\/product"}],"about":[{"href":"https:\/\/kurs.theo.enson.se\/sv\/wp-json\/wp\/v2\/types\/product"}],"wp:featuredmedia":[{"embeddable":true,"href":"https:\/\/kurs.theo.enson.se\/sv\/wp-json\/wp\/v2\/media\/59861"}],"wp:attachment":[{"href":"https:\/\/kurs.theo.enson.se\/sv\/wp-json\/wp\/v2\/media?parent=57574"}],"wp:term":[{"taxonomy":"product_cat","embeddable":true,"href":"https:\/\/kurs.theo.enson.se\/sv\/wp-json\/wp\/v2\/product_cat?post=57574"},{"taxonomy":"product_tag","embeddable":true,"href":"https:\/\/kurs.theo.enson.se\/sv\/wp-json\/wp\/v2\/product_tag?post=57574"}],"curies":[{"name":"wp","href":"https:\/\/api.w.org\/{rel}","templated":true}]}}