{"id":57575,"date":"2024-10-14T13:05:21","date_gmt":"2024-10-14T11:05:21","guid":{"rendered":"https:\/\/kurs.theo.enson.se\/produkt\/yogitea-detox-with-lemon\/"},"modified":"2024-10-14T13:05:24","modified_gmt":"2024-10-14T11:05:24","slug":"yogitea-detox-with-lemon","status":"publish","type":"product","link":"https:\/\/kurs.theo.enson.se\/sv\/produkt\/yogitea-detox-with-lemon\/","title":{"rendered":"Yogitea Detox med citron"},"content":{"rendered":"<p>Hur ofta reng\u00f6r och st\u00e4dar du ditt hem? Lika viktigt \u00e4r det att rena din kropp regelbundet.Yogitea Detox with Lemon mixar milt besk maskros med s\u00f6t lakrits samt kryddig ingef\u00e4ra i detta te, som hj\u00e4lper oss att uppleva varje ny dag f\u00f6rnyade och uppfriskade. Fruktig citron ger en ljuvligt syrlig smak.<\/p>\n<p>Kravm\u00e4rkt.<\/p>\n<p>Enligt Ayurveda finns tre olika dosor (kroppstyper) som kallas Vata, Pitta och Kapha. N\u00e4r v\u00e5ra doshor \u00e4r i balans \u00e4r vi friska och kan leva ett harmoniskt liv. S\u00e5h\u00e4r tolkar du den Ayurvediska informationen p\u00e5 f\u00f6rpackningen:<\/p>\n<p>V=Vata<br \/>\nP=Pita<br \/>\nK=Kapha<\/p>\n<p>- =s\u00e4nker<br \/>\n+ =h\u00f6jer<br \/>\no =neutral<\/p>\n<p>Inneh\u00e5ller 17 tep\u00e5sar.<\/p>\n<p>Tep\u00e5sen inneh\u00e5ller:<br \/>\nCitrongr\u00e4s, maskros 22%, ingef\u00e4ra, kanel, lakritsrot 11%, citronmyrten, citronskal 5% och pepparmynta.<\/p>","protected":false},"excerpt":{"rendered":"<p>F\u00f6rnyelse.<br \/>\nV-PoK-<\/p>","protected":false},"featured_media":59862,"template":"","meta":{"pmpro_default_level":""},"product_cat":[232],"product_tag":[],"class_list":{"0":"post-57575","1":"product","2":"type-product","3":"status-publish","4":"has-post-thumbnail","6":"product_cat-yogitea","7":"pmpro-has-access","9":"first","10":"instock","11":"product-type-simple"},"_links":{"self":[{"href":"https:\/\/kurs.theo.enson.se\/sv\/wp-json\/wp\/v2\/product\/57575","targetHints":{"allow":["GET"]}}],"collection":[{"href":"https:\/\/kurs.theo.enson.se\/sv\/wp-json\/wp\/v2\/product"}],"about":[{"href":"https:\/\/kurs.theo.enson.se\/sv\/wp-json\/wp\/v2\/types\/product"}],"wp:featuredmedia":[{"embeddable":true,"href":"https:\/\/kurs.theo.enson.se\/sv\/wp-json\/wp\/v2\/media\/59862"}],"wp:attachment":[{"href":"https:\/\/kurs.theo.enson.se\/sv\/wp-json\/wp\/v2\/media?parent=57575"}],"wp:term":[{"taxonomy":"product_cat","embeddable":true,"href":"https:\/\/kurs.theo.enson.se\/sv\/wp-json\/wp\/v2\/product_cat?post=57575"},{"taxonomy":"product_tag","embeddable":true,"href":"https:\/\/kurs.theo.enson.se\/sv\/wp-json\/wp\/v2\/product_tag?post=57575"}],"curies":[{"name":"wp","href":"https:\/\/api.w.org\/{rel}","templated":true}]}}