{"id":57576,"date":"2024-10-14T13:05:21","date_gmt":"2024-10-14T11:05:21","guid":{"rendered":"https:\/\/kurs.theo.enson.se\/produkt\/yogitea-choco-chili\/"},"modified":"2024-10-14T13:05:25","modified_gmt":"2024-10-14T11:05:25","slug":"yogitea-choco-chili","status":"publish","type":"product","link":"https:\/\/kurs.theo.enson.se\/sv\/produkt\/yogitea-choco-chili\/","title":{"rendered":"Yogitea Choco Chili"},"content":{"rendered":"<p>Choco Chili \u00e4r inspirerad av Xocoatl, den traditionella aztekiska sk Gudadrycken. I Mexiko dricker man fortfarande kakao med kanel, vanilj och en nypa chili. I samma anda har nu Yogitea kombinerat dessa klassiska ingredienser med de traditionella v\u00e4rmande chaikryddorna ingef\u00e4ra, peppar och kardemumma f\u00f6r att skapa ett gott te, vilket blir ett perfekt komplement till v\u00e5ra hektiska liv. <\/p>\n<p>Kravm\u00e4rkt.<\/p>\n<p>Enligt Ayurveda finns tre olika dosor (kroppstyper) som kallas Vata, Pitta och Kapha. N\u00e4r v\u00e5ra doshor \u00e4r i balans \u00e4r vi friska och kan leva ett harmoniskt liv. S\u00e5h\u00e4r tolkar du den Ayurvediska informationen p\u00e5 f\u00f6rpackningen:<\/p>\n<p>V=Vata<br \/>\nP=Pita<br \/>\nK=Kapha<\/p>\n<p>- =s\u00e4nker<br \/>\n+ =h\u00f6jer<br \/>\no =neutral<\/p>\n<p>Inneh\u00e5ller 17 tep\u00e5sar.<\/p>\n<p>Tep\u00e5sen inneh\u00e5ller:<br \/>\nKakaoskal 60%, kanel 16%, lakritsrot 10%, ingef\u00e4ra 3%, svartpeppar 3%, carob, anis, chilipeppar 1%, kornmalt, kryddnejlika, kardemumma, ingef\u00e4rsolja, vaniljextrakt och vaniljskidor.<\/p>","protected":false},"excerpt":{"rendered":"<p>Intensitet.<br \/>\nVoP+K-<\/p>","protected":false},"featured_media":59863,"template":"","meta":{"pmpro_default_level":""},"product_cat":[232],"product_tag":[],"class_list":{"0":"post-57576","1":"product","2":"type-product","3":"status-publish","4":"has-post-thumbnail","6":"product_cat-yogitea","7":"pmpro-has-access","9":"first","10":"instock","11":"product-type-simple"},"_links":{"self":[{"href":"https:\/\/kurs.theo.enson.se\/sv\/wp-json\/wp\/v2\/product\/57576","targetHints":{"allow":["GET"]}}],"collection":[{"href":"https:\/\/kurs.theo.enson.se\/sv\/wp-json\/wp\/v2\/product"}],"about":[{"href":"https:\/\/kurs.theo.enson.se\/sv\/wp-json\/wp\/v2\/types\/product"}],"wp:featuredmedia":[{"embeddable":true,"href":"https:\/\/kurs.theo.enson.se\/sv\/wp-json\/wp\/v2\/media\/59863"}],"wp:attachment":[{"href":"https:\/\/kurs.theo.enson.se\/sv\/wp-json\/wp\/v2\/media?parent=57576"}],"wp:term":[{"taxonomy":"product_cat","embeddable":true,"href":"https:\/\/kurs.theo.enson.se\/sv\/wp-json\/wp\/v2\/product_cat?post=57576"},{"taxonomy":"product_tag","embeddable":true,"href":"https:\/\/kurs.theo.enson.se\/sv\/wp-json\/wp\/v2\/product_tag?post=57576"}],"curies":[{"name":"wp","href":"https:\/\/api.w.org\/{rel}","templated":true}]}}