{"id":57577,"date":"2024-10-14T13:05:21","date_gmt":"2024-10-14T11:05:21","guid":{"rendered":"https:\/\/kurs.theo.enson.se\/produkt\/yogitea-choco\/"},"modified":"2024-10-14T13:05:26","modified_gmt":"2024-10-14T11:05:26","slug":"yogitea-choco","status":"publish","type":"product","link":"https:\/\/kurs.theo.enson.se\/sv\/produkt\/yogitea-choco\/","title":{"rendered":"Yogitea Choco"},"content":{"rendered":"<p>Yogitea Choco \u00e4r en god v\u00e4rmande blandning av traditionella chaikryddor och kakaoskal. Kakao i kombination med en s\u00f6t lakrits, kanel, kryddig ingef\u00e4ra och v\u00e4rmande kardemumma blir en himmelsk teblandning. S\u00e4tt dig ner, drick en klunk och andas in i den h\u00e4rliga chokladdoften. Detta Yogitea avnjuts b\u00e4st s\u00f6tad och med lite mj\u00f6lk eller en produkt som ers\u00e4tter mj\u00f6lk. Kakaoskalen som anv\u00e4nds i detta te har framst\u00e4llts enligt riktlinjerna f\u00f6r Fair Trade i samarbete med GEPA.<\/p>\n<p>Kravm\u00e4rkt.<\/p>\n<p>Enligt Ayurveda finns tre olika dosor (kroppstyper) som kallas Vata, Pitta och Kapha. N\u00e4r v\u00e5ra doshor \u00e4r i balans \u00e4r vi friska och kan leva ett harmoniskt liv. S\u00e5h\u00e4r tolkar du den Ayurvediska informationen p\u00e5 f\u00f6rpackningen:<\/p>\n<p>V=Vata<br \/>\nP=Pita<br \/>\nK=Kapha<\/p>\n<p>- =s\u00e4nker<br \/>\n+ =h\u00f6jer<br \/>\no =neutral<\/p>\n<p>Inneh\u00e5ller 17 tep\u00e5sar.<\/p>\n<p>Tep\u00e5sen inneh\u00e5ller: kakaoskal 65%, lakritsrot 12%, kanel 11%, carob, kornmalt, kardemumma, ingef\u00e4ra, kryddnejlika, naturlig kanel- och vaniljextrakt, svartpeppar, ingef\u00e4rsolja samt vaniljskidor.<\/p>","protected":false},"excerpt":{"rendered":"<p>Kraftfull mildhet.<br \/>\nVoP+K-<\/p>","protected":false},"featured_media":59864,"template":"","meta":{"pmpro_default_level":""},"product_cat":[232],"product_tag":[],"class_list":{"0":"post-57577","1":"product","2":"type-product","3":"status-publish","4":"has-post-thumbnail","6":"product_cat-yogitea","7":"pmpro-has-access","9":"first","10":"instock","11":"product-type-simple"},"_links":{"self":[{"href":"https:\/\/kurs.theo.enson.se\/sv\/wp-json\/wp\/v2\/product\/57577","targetHints":{"allow":["GET"]}}],"collection":[{"href":"https:\/\/kurs.theo.enson.se\/sv\/wp-json\/wp\/v2\/product"}],"about":[{"href":"https:\/\/kurs.theo.enson.se\/sv\/wp-json\/wp\/v2\/types\/product"}],"wp:featuredmedia":[{"embeddable":true,"href":"https:\/\/kurs.theo.enson.se\/sv\/wp-json\/wp\/v2\/media\/59864"}],"wp:attachment":[{"href":"https:\/\/kurs.theo.enson.se\/sv\/wp-json\/wp\/v2\/media?parent=57577"}],"wp:term":[{"taxonomy":"product_cat","embeddable":true,"href":"https:\/\/kurs.theo.enson.se\/sv\/wp-json\/wp\/v2\/product_cat?post=57577"},{"taxonomy":"product_tag","embeddable":true,"href":"https:\/\/kurs.theo.enson.se\/sv\/wp-json\/wp\/v2\/product_tag?post=57577"}],"curies":[{"name":"wp","href":"https:\/\/api.w.org\/{rel}","templated":true}]}}