{"id":57578,"date":"2024-10-14T13:05:21","date_gmt":"2024-10-14T11:05:21","guid":{"rendered":"https:\/\/kurs.theo.enson.se\/produkt\/yogitea-gavoset\/"},"modified":"2024-10-14T13:05:26","modified_gmt":"2024-10-14T11:05:26","slug":"yogitea-gavoset","status":"publish","type":"product","link":"https:\/\/kurs.theo.enson.se\/sv\/produkt\/yogitea-gavoset\/","title":{"rendered":"Yogitea G\u00e5voset"},"content":{"rendered":"<p>G\u00e5voset med vacker jutev\u00e4ska inneh\u00e5llande 2 av de mest popul\u00e4ra Yogiteera Classic och Ginger Lemon samt en keramisk \"Tea to go\" mugg - lika fin att anv\u00e4nda hemma om myskv\u00e4llarna som i bilen p\u00e5 resande fot. Praktiskt l\u00e5s med drickm\u00f6jlighet.<\/p>\n<p>Obs att yogitea i detta g\u00e5voset har tysk text.<\/p>","protected":false},"excerpt":{"rendered":"<p>G\u00e5voset med vacker jutev\u00e4ska inneh\u00e5llande 2 av de mest popul\u00e4ra Yogiteera Classic och Ginger Lemon samt en keramisk &#8220;Tea to go&#8221; mugg &#8211; lika fin att anv\u00e4nda hemma om myskv\u00e4llarna som i bilen p\u00e5 resande fot. Praktiskt lock med drickm\u00f6jlighet. Obs att yogitea i detta g\u00e5voset har tysk text.<\/p>","protected":false},"featured_media":59865,"template":"","meta":{"pmpro_default_level":""},"product_cat":[232],"product_tag":[],"class_list":{"0":"post-57578","1":"product","2":"type-product","3":"status-publish","4":"has-post-thumbnail","6":"product_cat-yogitea","7":"pmpro-has-access","9":"first","10":"instock","11":"purchasable","12":"product-type-simple"},"_links":{"self":[{"href":"https:\/\/kurs.theo.enson.se\/sv\/wp-json\/wp\/v2\/product\/57578","targetHints":{"allow":["GET"]}}],"collection":[{"href":"https:\/\/kurs.theo.enson.se\/sv\/wp-json\/wp\/v2\/product"}],"about":[{"href":"https:\/\/kurs.theo.enson.se\/sv\/wp-json\/wp\/v2\/types\/product"}],"wp:featuredmedia":[{"embeddable":true,"href":"https:\/\/kurs.theo.enson.se\/sv\/wp-json\/wp\/v2\/media\/59865"}],"wp:attachment":[{"href":"https:\/\/kurs.theo.enson.se\/sv\/wp-json\/wp\/v2\/media?parent=57578"}],"wp:term":[{"taxonomy":"product_cat","embeddable":true,"href":"https:\/\/kurs.theo.enson.se\/sv\/wp-json\/wp\/v2\/product_cat?post=57578"},{"taxonomy":"product_tag","embeddable":true,"href":"https:\/\/kurs.theo.enson.se\/sv\/wp-json\/wp\/v2\/product_tag?post=57578"}],"curies":[{"name":"wp","href":"https:\/\/api.w.org\/{rel}","templated":true}]}}