{"id":57579,"date":"2024-10-14T13:05:21","date_gmt":"2024-10-14T11:05:21","guid":{"rendered":"https:\/\/kurs.theo.enson.se\/produkt\/te-adventskalender\/"},"modified":"2024-10-14T13:05:27","modified_gmt":"2024-10-14T11:05:27","slug":"te-adventskalender","status":"publish","type":"product","link":"https:\/\/kurs.theo.enson.se\/sv\/produkt\/te-adventskalender\/","title":{"rendered":"Te Adventskalender"},"content":{"rendered":"<p>H\u00e4rlig adventskalender d\u00e4r du f\u00e5r njuta av 24 olika sorters teer. \u00d6rt-, krydd- och fruktte, Gr\u00f6nt, svart och vitt te!<br \/>\nEn kopp om dagen innan jul!<br \/>\nHitta din favorit!<\/p>","protected":false},"excerpt":{"rendered":"<p>H\u00e4rlig adventskalender d\u00e4r du f\u00e5r njuta av 24 olika sorters teer. \u00d6rt-, krydd- och fruktte, Gr\u00f6nt, svart och vitt te! En kopp om dagen innan jul! Hitta din favorit!<\/p>","protected":false},"featured_media":59866,"template":"","meta":{"pmpro_default_level":""},"product_cat":[],"product_tag":[],"class_list":{"0":"post-57579","1":"product","2":"type-product","3":"status-publish","4":"has-post-thumbnail","6":"pmpro-has-access","8":"first","9":"instock","10":"product-type-simple"},"_links":{"self":[{"href":"https:\/\/kurs.theo.enson.se\/sv\/wp-json\/wp\/v2\/product\/57579","targetHints":{"allow":["GET"]}}],"collection":[{"href":"https:\/\/kurs.theo.enson.se\/sv\/wp-json\/wp\/v2\/product"}],"about":[{"href":"https:\/\/kurs.theo.enson.se\/sv\/wp-json\/wp\/v2\/types\/product"}],"wp:featuredmedia":[{"embeddable":true,"href":"https:\/\/kurs.theo.enson.se\/sv\/wp-json\/wp\/v2\/media\/59866"}],"wp:attachment":[{"href":"https:\/\/kurs.theo.enson.se\/sv\/wp-json\/wp\/v2\/media?parent=57579"}],"wp:term":[{"taxonomy":"product_cat","embeddable":true,"href":"https:\/\/kurs.theo.enson.se\/sv\/wp-json\/wp\/v2\/product_cat?post=57579"},{"taxonomy":"product_tag","embeddable":true,"href":"https:\/\/kurs.theo.enson.se\/sv\/wp-json\/wp\/v2\/product_tag?post=57579"}],"curies":[{"name":"wp","href":"https:\/\/api.w.org\/{rel}","templated":true}]}}